{"id":1331,"date":"2025-07-04T09:16:47","date_gmt":"2025-07-04T09:16:47","guid":{"rendered":"https:\/\/galivet.rkinformatika.online\/?page_id=1331"},"modified":"2025-08-04T12:42:24","modified_gmt":"2025-08-04T12:42:24","slug":"medicina-preventiva","status":"publish","type":"page","link":"https:\/\/galivet.es\/en\/medicina-preventiva\/","title":{"rendered":"Preventive Medicine"},"content":{"rendered":"<div data-elementor-type=\"wp-page\" data-elementor-id=\"1331\" class=\"elementor elementor-1331\" data-elementor-post-type=\"page\">\n\t\t\t\t<div class=\"elementor-element elementor-element-8c7fed0 e-flex e-con-boxed e-con e-parent\" data-id=\"8c7fed0\" data-element_type=\"container\" data-e-type=\"container\" data-settings=\"{&quot;background_background&quot;:&quot;classic&quot;,&quot;shape_divider_bottom&quot;:&quot;waves&quot;,&quot;shape_divider_bottom_negative&quot;:&quot;yes&quot;}\">\n\t\t\t\t\t<div class=\"e-con-inner\">\n\t\t\t\t<div class=\"elementor-shape elementor-shape-bottom\" aria-hidden=\"true\" data-negative=\"true\">\n\t\t\t<svg xmlns=\"http:\/\/www.w3.org\/2000\/svg\" viewbox=\"0 0 1000 100\" preserveaspectratio=\"none\">\n\t<path class=\"elementor-shape-fill\" d=\"M790.5,93.1c-59.3-5.3-116.8-18-192.6-50c-29.6-12.7-76.9-31-100.5-35.9c-23.6-4.9-52.6-7.8-75.5-5.3\tc-10.2,1.1-22.6,1.4-50.1,7.4c-27.2,6.3-58.2,16.6-79.4,24.7c-41.3,15.9-94.9,21.9-134,22.6C72,58.2,0,25.8,0,25.8V100h1000V65.3\tc0,0-51.5,19.4-106.2,25.7C839.5,97,814.1,95.2,790.5,93.1z\"\/>\n<\/svg>\t\t<\/div>\n\t\t\t\t<div class=\"elementor-element elementor-element-96a378c elementor-icon-list--layout-inline elementor-list-item-link-full_width elementor-widget elementor-widget-icon-list\" data-id=\"96a378c\" data-element_type=\"widget\" data-e-type=\"widget\" data-widget_type=\"icon-list.default\">\n\t\t\t\t\t\t\t<ul class=\"elementor-icon-list-items elementor-inline-items\">\n\t\t\t\t\t\t\t<li class=\"elementor-icon-list-item elementor-inline-item\">\n\t\t\t\t\t\t\t\t\t\t\t<a href=\"https:\/\/galivet.es\/en\">\n\n\t\t\t\t\t\t\t\t\t\t\t<span class=\"elementor-icon-list-text\">centro veterinario galivet<\/span>\n\t\t\t\t\t\t\t\t\t\t\t<\/a>\n\t\t\t\t\t\t\t\t\t<\/li>\n\t\t\t\t\t\t\t\t<li class=\"elementor-icon-list-item elementor-inline-item\">\n\t\t\t\t\t\t\t\t\t\t\t<span class=\"elementor-icon-list-icon\">\n\t\t\t\t\t\t\t<svg aria-hidden=\"true\" class=\"e-font-icon-svg e-fas-chevron-right\" viewbox=\"0 0 320 512\" xmlns=\"http:\/\/www.w3.org\/2000\/svg\"><path d=\"M285.476 272.971L91.132 467.314c-9.373 9.373-24.569 9.373-33.941 0l-22.667-22.667c-9.357-9.357-9.375-24.522-.04-33.901L188.505 256 34.484 101.255c-9.335-9.379-9.317-24.544.04-33.901l22.667-22.667c9.373-9.373 24.569-9.373 33.941 0L285.475 239.03c9.373 9.372 9.373 24.568.001 33.941z\"><\/path><\/svg>\t\t\t\t\t\t<\/span>\n\t\t\t\t\t\t\t\t\t\t<span class=\"elementor-icon-list-text\">Preventive Medicine<\/span>\n\t\t\t\t\t\t\t\t\t<\/li>\n\t\t\t\t\t\t<\/ul>\n\t\t\t\t\t\t<\/div>\n\t\t\t\t\t<\/div>\n\t\t\t\t<\/div>\n\t\t<div class=\"elementor-element elementor-element-46409a6 e-flex e-con-boxed e-con e-parent\" data-id=\"46409a6\" data-element_type=\"container\" data-e-type=\"container\" data-settings=\"{&quot;background_background&quot;:&quot;classic&quot;}\">\n\t\t\t\t\t<div class=\"e-con-inner\">\n\t\t<div class=\"elementor-element elementor-element-4b48190 e-con-full e-flex e-con e-child\" data-id=\"4b48190\" data-element_type=\"container\" data-e-type=\"container\">\n\t\t\t\t<div class=\"elementor-element elementor-element-fd86a7e elementor-widget elementor-widget-heading\" data-id=\"fd86a7e\" data-element_type=\"widget\" data-e-type=\"widget\" data-widget_type=\"heading.default\">\n\t\t\t\t\t<h2 class=\"elementor-heading-title elementor-size-default\">Because taking care of health before problems appear is essential.<\/h2>\t\t\t\t<\/div>\n\t\t\t\t<div class=\"elementor-element elementor-element-40c619e elementor-widget elementor-widget-text-editor\" data-id=\"40c619e\" data-element_type=\"widget\" data-e-type=\"widget\" data-widget_type=\"text-editor.default\">\n\t\t\t\t\t\t\t\t\t<p>La medicina preventiva es esencial para garantizar que tu mascota tenga una vida larga, saludable y feliz. En nuestra cl\u00ednica veterinaria en Pozo Estrecho, apostamos por una atenci\u00f3n regular y proactiva que nos permite detectar enfermedades en sus etapas iniciales e incluso prevenir la aparici\u00f3n de muchas de las m\u00e1s comunes.<\/p>\t\t\t\t\t\t\t\t<\/div>\n\t\t\t\t<div class=\"elementor-element elementor-element-f458d29 elementor-widget elementor-widget-heading\" data-id=\"f458d29\" data-element_type=\"widget\" data-e-type=\"widget\" data-widget_type=\"heading.default\">\n\t\t\t\t\t<h2 class=\"elementor-heading-title elementor-size-default\">Preventive Medicine Services at Galivet<\/h2>\t\t\t\t<\/div>\n\t\t\t\t<div class=\"elementor-element elementor-element-ac7641f elementor-widget elementor-widget-text-editor\" data-id=\"ac7641f\" data-element_type=\"widget\" data-e-type=\"widget\" data-widget_type=\"text-editor.default\">\n\t\t\t\t\t\t\t\t\t<p data-start=\"1039\" data-end=\"1146\">En Galivet, brindamos un enfoque integral al cuidado preventivo de tu mascota. Nuestros servicios incluyen:<\/p><ul data-start=\"1148\" data-end=\"2066\"><li data-start=\"1148\" data-end=\"1337\"><p data-start=\"1150\" data-end=\"1337\"><strong data-start=\"1150\" data-end=\"1186\">Revisiones generales peri\u00f3dicas:<\/strong><br data-start=\"1186\" data-end=\"1189\" \/>Permiten evaluar el estado de salud de tu mascota, detectar se\u00f1ales tempranas de enfermedades y tomar medidas a tiempo para evitar complicaciones.<\/p><\/li><li data-start=\"1339\" data-end=\"1527\"><p data-start=\"1341\" data-end=\"1527\"><strong data-start=\"1341\" data-end=\"1370\">Vacunaci\u00f3n personalizada:<\/strong><br data-start=\"1370\" data-end=\"1373\" \/>Aplicamos las vacunas necesarias seg\u00fan la edad, tama\u00f1o, entorno y estilo de vida de tu mascota, protegi\u00e9ndola contra m\u00faltiples enfermedades infecciosas.<\/p><\/li><li data-start=\"1529\" data-end=\"1703\"><p data-start=\"1531\" data-end=\"1703\"><strong data-start=\"1531\" data-end=\"1559\">Prevenci\u00f3n de par\u00e1sitos:<\/strong><br data-start=\"1559\" data-end=\"1562\" \/>Contamos con tratamientos efectivos para proteger a tu mascota de pulgas, garrapatas, \u00e1caros, gusano del coraz\u00f3n y otros par\u00e1sitos comunes.<\/p><\/li><li data-start=\"1705\" data-end=\"1878\"><p data-start=\"1707\" data-end=\"1878\"><strong data-start=\"1707\" data-end=\"1741\">Control nutricional y de peso:<\/strong><br data-start=\"1741\" data-end=\"1744\" \/>Asesoramos sobre la alimentaci\u00f3n m\u00e1s adecuada y dise\u00f1amos planes para mantener un peso saludable, favoreciendo su bienestar general.<\/p><\/li><li data-start=\"1880\" data-end=\"2066\"><p data-start=\"1882\" data-end=\"2066\"><strong data-start=\"1882\" data-end=\"1912\">Cuidado dental preventivo:<\/strong><br data-start=\"1912\" data-end=\"1915\" \/>Ofrecemos limpiezas dentales profesionales y orientaci\u00f3n sobre c\u00f3mo cuidar los dientes y enc\u00edas de tu mascota en casa, previniendo problemas bucales.<\/p><\/li><\/ul>\t\t\t\t\t\t\t\t<\/div>\n\t\t\t\t<\/div>\n\t\t<div class=\"elementor-element elementor-element-07838e7 e-con-full elementor-hidden-tablet elementor-hidden-mobile e-flex e-con e-child\" data-id=\"07838e7\" data-element_type=\"container\" data-e-type=\"container\" data-settings=\"{&quot;background_background&quot;:&quot;classic&quot;}\">\n\t\t\t\t<\/div>\n\t\t\t\t\t<\/div>\n\t\t\t\t<\/div>\n\t\t\t\t<\/div>","protected":false},"excerpt":{"rendered":"<p>centro veterinario galivet Medicina Preventiva Porque es fundamental cuidar la salud antes de que haya problemas La medicina preventiva es esencial para garantizar que tu mascota tenga una vida larga, saludable y feliz. En nuestra cl\u00ednica veterinaria en Pozo Estrecho, apostamos por una atenci\u00f3n regular y proactiva que nos permite detectar enfermedades en sus etapas [&hellip;]<\/p>\n","protected":false},"author":1,"featured_media":0,"parent":0,"menu_order":0,"comment_status":"closed","ping_status":"closed","template":"elementor_canvas","meta":{"footnotes":""},"class_list":["post-1331","page","type-page","status-publish","hentry"],"yoast_head":"<!-- This site is optimized with the Yoast SEO plugin v27.5 - https:\/\/yoast.com\/product\/yoast-seo-wordpress\/ -->\n<title>Medicina Preventiva - Centro Veterinario Galivet<\/title>\n<meta name=\"robots\" content=\"index, follow, max-snippet:-1, max-image-preview:large, max-video-preview:-1\" \/>\n<link rel=\"canonical\" href=\"https:\/\/galivet.es\/en\/medicina-preventiva\/\" \/>\n<meta property=\"og:locale\" content=\"en_GB\" \/>\n<meta property=\"og:type\" content=\"article\" \/>\n<meta property=\"og:title\" content=\"Medicina Preventiva - Centro Veterinario Galivet\" \/>\n<meta property=\"og:description\" content=\"centro veterinario galivet Medicina Preventiva Porque es fundamental cuidar la salud antes de que haya problemas La medicina preventiva es esencial para garantizar que tu mascota tenga una vida larga, saludable y feliz. En nuestra cl\u00ednica veterinaria en Pozo Estrecho, apostamos por una atenci\u00f3n regular y proactiva que nos permite detectar enfermedades en sus etapas [&hellip;]\" \/>\n<meta property=\"og:url\" content=\"https:\/\/galivet.es\/en\/medicina-preventiva\/\" \/>\n<meta property=\"og:site_name\" content=\"Centro Veterinario Galivet\" \/>\n<meta property=\"article:modified_time\" content=\"2025-08-04T12:42:24+00:00\" \/>\n<meta name=\"twitter:card\" content=\"summary_large_image\" \/>\n<meta name=\"twitter:label1\" content=\"Estimated reading time\" \/>\n\t<meta name=\"twitter:data1\" content=\"1 minute\" \/>\n<script type=\"application\/ld+json\" class=\"yoast-schema-graph\">{\"@context\":\"https:\\\/\\\/schema.org\",\"@graph\":[{\"@type\":\"WebPage\",\"@id\":\"https:\\\/\\\/galivet.es\\\/en\\\/medicina-preventiva\\\/\",\"url\":\"https:\\\/\\\/galivet.es\\\/en\\\/medicina-preventiva\\\/\",\"name\":\"Medicina Preventiva - Centro Veterinario Galivet\",\"isPartOf\":{\"@id\":\"https:\\\/\\\/galivet.es\\\/en\\\/#website\"},\"datePublished\":\"2025-07-04T09:16:47+00:00\",\"dateModified\":\"2025-08-04T12:42:24+00:00\",\"breadcrumb\":{\"@id\":\"https:\\\/\\\/galivet.es\\\/en\\\/medicina-preventiva\\\/#breadcrumb\"},\"inLanguage\":\"en-GB\",\"potentialAction\":[{\"@type\":\"ReadAction\",\"target\":[\"https:\\\/\\\/galivet.es\\\/en\\\/medicina-preventiva\\\/\"]}]},{\"@type\":\"BreadcrumbList\",\"@id\":\"https:\\\/\\\/galivet.es\\\/en\\\/medicina-preventiva\\\/#breadcrumb\",\"itemListElement\":[{\"@type\":\"ListItem\",\"position\":1,\"name\":\"Portada\",\"item\":\"https:\\\/\\\/galivet.es\\\/\"},{\"@type\":\"ListItem\",\"position\":2,\"name\":\"Medicina Preventiva\"}]},{\"@type\":\"WebSite\",\"@id\":\"https:\\\/\\\/galivet.es\\\/en\\\/#website\",\"url\":\"https:\\\/\\\/galivet.es\\\/en\\\/\",\"name\":\"Centro Veterinario Galivet\",\"description\":\"\",\"publisher\":{\"@id\":\"https:\\\/\\\/galivet.es\\\/en\\\/#organization\"},\"potentialAction\":[{\"@type\":\"SearchAction\",\"target\":{\"@type\":\"EntryPoint\",\"urlTemplate\":\"https:\\\/\\\/galivet.es\\\/en\\\/?s={search_term_string}\"},\"query-input\":{\"@type\":\"PropertyValueSpecification\",\"valueRequired\":true,\"valueName\":\"search_term_string\"}}],\"inLanguage\":\"en-GB\"},{\"@type\":\"Organization\",\"@id\":\"https:\\\/\\\/galivet.es\\\/en\\\/#organization\",\"name\":\"Centro Veterinario Galivet\",\"url\":\"https:\\\/\\\/galivet.es\\\/en\\\/\",\"logo\":{\"@type\":\"ImageObject\",\"inLanguage\":\"en-GB\",\"@id\":\"https:\\\/\\\/galivet.es\\\/en\\\/#\\\/schema\\\/logo\\\/image\\\/\",\"url\":\"https:\\\/\\\/galivet.es\\\/wp-content\\\/uploads\\\/2025\\\/07\\\/cropped-logo-removebg-preview.png\",\"contentUrl\":\"https:\\\/\\\/galivet.es\\\/wp-content\\\/uploads\\\/2025\\\/07\\\/cropped-logo-removebg-preview.png\",\"width\":500,\"height\":398,\"caption\":\"Centro Veterinario Galivet\"},\"image\":{\"@id\":\"https:\\\/\\\/galivet.es\\\/en\\\/#\\\/schema\\\/logo\\\/image\\\/\"}}]}<\/script>\n<!-- \/ Yoast SEO plugin. -->","yoast_head_json":{"title":"Medicina Preventiva - Centro Veterinario Galivet","robots":{"index":"index","follow":"follow","max-snippet":"max-snippet:-1","max-image-preview":"max-image-preview:large","max-video-preview":"max-video-preview:-1"},"canonical":"https:\/\/galivet.es\/en\/medicina-preventiva\/","og_locale":"en_GB","og_type":"article","og_title":"Medicina Preventiva - Centro Veterinario Galivet","og_description":"centro veterinario galivet Medicina Preventiva Porque es fundamental cuidar la salud antes de que haya problemas La medicina preventiva es esencial para garantizar que tu mascota tenga una vida larga, saludable y feliz. En nuestra cl\u00ednica veterinaria en Pozo Estrecho, apostamos por una atenci\u00f3n regular y proactiva que nos permite detectar enfermedades en sus etapas [&hellip;]","og_url":"https:\/\/galivet.es\/en\/medicina-preventiva\/","og_site_name":"Centro Veterinario Galivet","article_modified_time":"2025-08-04T12:42:24+00:00","twitter_card":"summary_large_image","twitter_misc":{"Estimated reading time":"1 minute"},"schema":{"@context":"https:\/\/schema.org","@graph":[{"@type":"WebPage","@id":"https:\/\/galivet.es\/en\/medicina-preventiva\/","url":"https:\/\/galivet.es\/en\/medicina-preventiva\/","name":"Medicina Preventiva - Centro Veterinario Galivet","isPartOf":{"@id":"https:\/\/galivet.es\/en\/#website"},"datePublished":"2025-07-04T09:16:47+00:00","dateModified":"2025-08-04T12:42:24+00:00","breadcrumb":{"@id":"https:\/\/galivet.es\/en\/medicina-preventiva\/#breadcrumb"},"inLanguage":"en-GB","potentialAction":[{"@type":"ReadAction","target":["https:\/\/galivet.es\/en\/medicina-preventiva\/"]}]},{"@type":"BreadcrumbList","@id":"https:\/\/galivet.es\/en\/medicina-preventiva\/#breadcrumb","itemListElement":[{"@type":"ListItem","position":1,"name":"Portada","item":"https:\/\/galivet.es\/"},{"@type":"ListItem","position":2,"name":"Medicina Preventiva"}]},{"@type":"WebSite","@id":"https:\/\/galivet.es\/en\/#website","url":"https:\/\/galivet.es\/en\/","name":"Centro Veterinario Galivet","description":"","publisher":{"@id":"https:\/\/galivet.es\/en\/#organization"},"potentialAction":[{"@type":"SearchAction","target":{"@type":"EntryPoint","urlTemplate":"https:\/\/galivet.es\/en\/?s={search_term_string}"},"query-input":{"@type":"PropertyValueSpecification","valueRequired":true,"valueName":"search_term_string"}}],"inLanguage":"en-GB"},{"@type":"Organization","@id":"https:\/\/galivet.es\/en\/#organization","name":"Centro Veterinario Galivet","url":"https:\/\/galivet.es\/en\/","logo":{"@type":"ImageObject","inLanguage":"en-GB","@id":"https:\/\/galivet.es\/en\/#\/schema\/logo\/image\/","url":"https:\/\/galivet.es\/wp-content\/uploads\/2025\/07\/cropped-logo-removebg-preview.png","contentUrl":"https:\/\/galivet.es\/wp-content\/uploads\/2025\/07\/cropped-logo-removebg-preview.png","width":500,"height":398,"caption":"Centro Veterinario Galivet"},"image":{"@id":"https:\/\/galivet.es\/en\/#\/schema\/logo\/image\/"}}]}},"_links":{"self":[{"href":"https:\/\/galivet.es\/en\/wp-json\/wp\/v2\/pages\/1331","targetHints":{"allow":["GET"]}}],"collection":[{"href":"https:\/\/galivet.es\/en\/wp-json\/wp\/v2\/pages"}],"about":[{"href":"https:\/\/galivet.es\/en\/wp-json\/wp\/v2\/types\/page"}],"author":[{"embeddable":true,"href":"https:\/\/galivet.es\/en\/wp-json\/wp\/v2\/users\/1"}],"replies":[{"embeddable":true,"href":"https:\/\/galivet.es\/en\/wp-json\/wp\/v2\/comments?post=1331"}],"version-history":[{"count":109,"href":"https:\/\/galivet.es\/en\/wp-json\/wp\/v2\/pages\/1331\/revisions"}],"predecessor-version":[{"id":2521,"href":"https:\/\/galivet.es\/en\/wp-json\/wp\/v2\/pages\/1331\/revisions\/2521"}],"wp:attachment":[{"href":"https:\/\/galivet.es\/en\/wp-json\/wp\/v2\/media?parent=1331"}],"curies":[{"name":"wp","href":"https:\/\/api.w.org\/{rel}","templated":true}]}}