{"id":1459,"date":"2025-07-04T10:10:18","date_gmt":"2025-07-04T10:10:18","guid":{"rendered":"https:\/\/galivet.rkinformatika.online\/?page_id=1459"},"modified":"2025-08-04T12:47:38","modified_gmt":"2025-08-04T12:47:38","slug":"cirugias-generales-y-traumatologias","status":"publish","type":"page","link":"https:\/\/galivet.es\/en\/cirugias-generales-y-traumatologias\/","title":{"rendered":"General Surgeries and Traumatology"},"content":{"rendered":"<div data-elementor-type=\"wp-page\" data-elementor-id=\"1459\" class=\"elementor elementor-1459\" data-elementor-post-type=\"page\">\n\t\t\t\t<div class=\"elementor-element elementor-element-8c7fed0 e-flex e-con-boxed e-con e-parent\" data-id=\"8c7fed0\" data-element_type=\"container\" data-e-type=\"container\" data-settings=\"{&quot;background_background&quot;:&quot;classic&quot;,&quot;shape_divider_bottom&quot;:&quot;waves&quot;,&quot;shape_divider_bottom_negative&quot;:&quot;yes&quot;}\">\n\t\t\t\t\t<div class=\"e-con-inner\">\n\t\t\t\t<div class=\"elementor-shape elementor-shape-bottom\" aria-hidden=\"true\" data-negative=\"true\">\n\t\t\t<svg xmlns=\"http:\/\/www.w3.org\/2000\/svg\" viewbox=\"0 0 1000 100\" preserveaspectratio=\"none\">\n\t<path class=\"elementor-shape-fill\" d=\"M790.5,93.1c-59.3-5.3-116.8-18-192.6-50c-29.6-12.7-76.9-31-100.5-35.9c-23.6-4.9-52.6-7.8-75.5-5.3\tc-10.2,1.1-22.6,1.4-50.1,7.4c-27.2,6.3-58.2,16.6-79.4,24.7c-41.3,15.9-94.9,21.9-134,22.6C72,58.2,0,25.8,0,25.8V100h1000V65.3\tc0,0-51.5,19.4-106.2,25.7C839.5,97,814.1,95.2,790.5,93.1z\"\/>\n<\/svg>\t\t<\/div>\n\t\t\t\t<div class=\"elementor-element elementor-element-96a378c elementor-icon-list--layout-inline elementor-list-item-link-full_width elementor-widget elementor-widget-icon-list\" data-id=\"96a378c\" data-element_type=\"widget\" data-e-type=\"widget\" data-widget_type=\"icon-list.default\">\n\t\t\t\t\t\t\t<ul class=\"elementor-icon-list-items elementor-inline-items\">\n\t\t\t\t\t\t\t<li class=\"elementor-icon-list-item elementor-inline-item\">\n\t\t\t\t\t\t\t\t\t\t\t<a href=\"https:\/\/galivet.es\/en\">\n\n\t\t\t\t\t\t\t\t\t\t\t<span class=\"elementor-icon-list-text\">centro veterinario galivet<\/span>\n\t\t\t\t\t\t\t\t\t\t\t<\/a>\n\t\t\t\t\t\t\t\t\t<\/li>\n\t\t\t\t\t\t\t\t<li class=\"elementor-icon-list-item elementor-inline-item\">\n\t\t\t\t\t\t\t\t\t\t\t<span class=\"elementor-icon-list-icon\">\n\t\t\t\t\t\t\t<svg aria-hidden=\"true\" class=\"e-font-icon-svg e-fas-chevron-right\" viewbox=\"0 0 320 512\" xmlns=\"http:\/\/www.w3.org\/2000\/svg\"><path d=\"M285.476 272.971L91.132 467.314c-9.373 9.373-24.569 9.373-33.941 0l-22.667-22.667c-9.357-9.357-9.375-24.522-.04-33.901L188.505 256 34.484 101.255c-9.335-9.379-9.317-24.544.04-33.901l22.667-22.667c9.373-9.373 24.569-9.373 33.941 0L285.475 239.03c9.373 9.372 9.373 24.568.001 33.941z\"><\/path><\/svg>\t\t\t\t\t\t<\/span>\n\t\t\t\t\t\t\t\t\t\t<span class=\"elementor-icon-list-text\">General Surgeries<\/span>\n\t\t\t\t\t\t\t\t\t<\/li>\n\t\t\t\t\t\t<\/ul>\n\t\t\t\t\t\t<\/div>\n\t\t\t\t\t<\/div>\n\t\t\t\t<\/div>\n\t\t<div class=\"elementor-element elementor-element-eb07e2c e-flex e-con-boxed e-con e-parent\" data-id=\"eb07e2c\" data-element_type=\"container\" data-e-type=\"container\" data-settings=\"{&quot;background_background&quot;:&quot;classic&quot;}\">\n\t\t\t\t\t<div class=\"e-con-inner\">\n\t\t<div class=\"elementor-element elementor-element-5b6a636 e-con-full e-flex e-con e-child\" data-id=\"5b6a636\" data-element_type=\"container\" data-e-type=\"container\">\n\t\t\t\t<div class=\"elementor-element elementor-element-1a0ac52 elementor-widget elementor-widget-heading\" data-id=\"1a0ac52\" data-element_type=\"widget\" data-e-type=\"widget\" data-widget_type=\"heading.default\">\n\t\t\t\t\t<h2 class=\"elementor-heading-title elementor-size-default\">Safe procedures and expert care for a full recovery<\/h2>\t\t\t\t<\/div>\n\t\t\t\t<div class=\"elementor-element elementor-element-57c323a elementor-widget elementor-widget-text-editor\" data-id=\"57c323a\" data-element_type=\"widget\" data-e-type=\"widget\" data-widget_type=\"text-editor.default\">\n\t\t\t\t\t\t\t\t\t<p>En la Cl\u00ednica Veterinaria Galivet, en Pozo Estrecho, contamos con el equipamiento y el equipo profesional necesario para realizar procedimientos quir\u00fargicos generales y espec\u00edficos con los m\u00e1s altos est\u00e1ndares de calidad. Nuestro objetivo es garantizar el bienestar y la recuperaci\u00f3n segura de tu mascota en todo momento.<\/p>\t\t\t\t\t\t\t\t<\/div>\n\t\t\t\t<div class=\"elementor-element elementor-element-48712fa elementor-widget elementor-widget-heading\" data-id=\"48712fa\" data-element_type=\"widget\" data-e-type=\"widget\" data-widget_type=\"heading.default\">\n\t\t\t\t\t<h2 class=\"elementor-heading-title elementor-size-default\">What Is General Surgery?<\/h2>\t\t\t\t<\/div>\n\t\t\t\t<div class=\"elementor-element elementor-element-2968c9c elementor-widget elementor-widget-text-editor\" data-id=\"2968c9c\" data-element_type=\"widget\" data-e-type=\"widget\" data-widget_type=\"text-editor.default\">\n\t\t\t\t\t\t\t\t\t<p>La cirug\u00eda general veterinaria abarca intervenciones rutinarias y terap\u00e9uticas como esterilizaciones, extirpaci\u00f3n de tumores o cirug\u00edas abdominales.<\/p>\t\t\t\t\t\t\t\t<\/div>\n\t\t\t\t<div class=\"elementor-element elementor-element-f39a7dc elementor-widget__width-inherit elementor-widget elementor-widget-heading\" data-id=\"f39a7dc\" data-element_type=\"widget\" data-e-type=\"widget\" data-widget_type=\"heading.default\">\n\t\t\t\t\t<h2 class=\"elementor-heading-title elementor-size-default\">Our Surgical Services<\/h2>\t\t\t\t<\/div>\n\t\t\t\t<div class=\"elementor-element elementor-element-6cbff4e elementor-widget elementor-widget-text-editor\" data-id=\"6cbff4e\" data-element_type=\"widget\" data-e-type=\"widget\" data-widget_type=\"text-editor.default\">\n\t\t\t\t\t\t\t\t\t<p data-start=\"696\" data-end=\"807\">En nuestra cl\u00ednica ofrecemos una atenci\u00f3n quir\u00fargica integral que incluye:<\/p><ul data-start=\"809\" data-end=\"1345\"><li data-start=\"809\" data-end=\"975\"><p data-start=\"811\" data-end=\"975\"><strong data-start=\"811\" data-end=\"843\">Esterilizaci\u00f3n y castraci\u00f3n:<\/strong><br data-start=\"843\" data-end=\"846\" \/>Procedimientos seguros que ayudan a prevenir enfermedades, controlar la reproducci\u00f3n y mejorar el comportamiento de tu mascota.<\/p><\/li><li data-start=\"977\" data-end=\"1140\"><p data-start=\"979\" data-end=\"1140\"><strong data-start=\"979\" data-end=\"1010\">Cirug\u00eda de tejidos blandos:<\/strong><br data-start=\"1010\" data-end=\"1013\" \/>Realizamos operaciones como la extracci\u00f3n de tumores, tratamiento de hernias, intervenciones gastrointestinales, entre otras.<\/p><\/li><li data-start=\"1142\" data-end=\"1345\"><p data-start=\"1144\" data-end=\"1345\"><strong data-start=\"1144\" data-end=\"1183\">Cuidados postoperatorios completos:<\/strong><br data-start=\"1183\" data-end=\"1186\" \/>Supervisamos cuidadosamente el proceso de recuperaci\u00f3n, incluyendo control del dolor, curas, revisiones y orientaci\u00f3n al propietario para el cuidado en casa.<\/p><\/li><\/ul>\t\t\t\t\t\t\t\t<\/div>\n\t\t\t\t<div class=\"elementor-element elementor-element-3caf3ae elementor-widget elementor-widget-heading\" data-id=\"3caf3ae\" data-element_type=\"widget\" data-e-type=\"widget\" data-widget_type=\"heading.default\">\n\t\t\t\t\t<h2 class=\"elementor-heading-title elementor-size-default\">Your Pet in Good Hands<\/h2>\t\t\t\t<\/div>\n\t\t\t\t<div class=\"elementor-element elementor-element-0225f79 elementor-widget elementor-widget-text-editor\" data-id=\"0225f79\" data-element_type=\"widget\" data-e-type=\"widget\" data-widget_type=\"text-editor.default\">\n\t\t\t\t\t\t\t\t\t<p data-start=\"1347\" data-end=\"1638\">En Galivet, trabajamos con dedicaci\u00f3n para que cada intervenci\u00f3n sea lo menos estresante posible para tu mascota. Combinamos experiencia, tecnolog\u00eda y un enfoque centrado en el bienestar animal para asegurar una atenci\u00f3n quir\u00fargica segura, efectiva y humana.<\/p><p data-start=\"1640\" data-end=\"1824\">\u00bfTienes dudas sobre una cirug\u00eda o una lesi\u00f3n? No dudes en contactarnos. Estamos aqu\u00ed para ayudarte a cuidar la salud de tu mascota con el compromiso y la experiencia que nos distingue.<\/p>\t\t\t\t\t\t\t\t<\/div>\n\t\t\t\t<\/div>\n\t\t<div class=\"elementor-element elementor-element-baeec01 e-con-full e-flex e-con e-child\" data-id=\"baeec01\" data-element_type=\"container\" data-e-type=\"container\">\n\t\t\t\t<div class=\"elementor-element elementor-element-f864349 elementor-widget elementor-widget-image\" data-id=\"f864349\" data-element_type=\"widget\" data-e-type=\"widget\" data-widget_type=\"image.default\">\n\t\t\t\t\t\t\t\t\t\t\t\t\t\t\t<img fetchpriority=\"high\" decoding=\"async\" width=\"683\" height=\"1024\" src=\"https:\/\/galivet.es\/wp-content\/uploads\/2025\/07\/CIRUGIAS-GENERALES-683x1024.jpg\" class=\"attachment-large size-large wp-image-2245\" alt=\"CIRUGIAS GENERALES\" srcset=\"https:\/\/galivet.es\/wp-content\/uploads\/2025\/07\/CIRUGIAS-GENERALES-683x1024.jpg 683w, https:\/\/galivet.es\/wp-content\/uploads\/2025\/07\/CIRUGIAS-GENERALES-200x300.jpg 200w, https:\/\/galivet.es\/wp-content\/uploads\/2025\/07\/CIRUGIAS-GENERALES-768x1152.jpg 768w, https:\/\/galivet.es\/wp-content\/uploads\/2025\/07\/CIRUGIAS-GENERALES-1024x1536.jpg 1024w, https:\/\/galivet.es\/wp-content\/uploads\/2025\/07\/CIRUGIAS-GENERALES-1365x2048.jpg 1365w, https:\/\/galivet.es\/wp-content\/uploads\/2025\/07\/CIRUGIAS-GENERALES-8x12.jpg 8w, https:\/\/galivet.es\/wp-content\/uploads\/2025\/07\/CIRUGIAS-GENERALES-scaled.jpg 1707w\" sizes=\"(max-width: 683px) 100vw, 683px\" \/>\t\t\t\t\t\t\t\t\t\t\t\t\t\t\t<\/div>\n\t\t\t\t<\/div>\n\t\t\t\t\t<\/div>\n\t\t\t\t<\/div>\n\t\t\t\t<\/div>","protected":false},"excerpt":{"rendered":"<p>centro veterinario galivet cirug\u00edas generales Intervenciones seguras y atenci\u00f3n experta para una recuperaci\u00f3n plena En la Cl\u00ednica Veterinaria Galivet, en Pozo Estrecho, contamos con el equipamiento y el equipo profesional necesario para realizar procedimientos quir\u00fargicos generales y espec\u00edficos con los m\u00e1s altos est\u00e1ndares de calidad. Nuestro objetivo es garantizar el bienestar y la recuperaci\u00f3n segura [&hellip;]<\/p>\n","protected":false},"author":1,"featured_media":0,"parent":0,"menu_order":0,"comment_status":"closed","ping_status":"closed","template":"elementor_canvas","meta":{"footnotes":""},"class_list":["post-1459","page","type-page","status-publish","hentry"],"yoast_head":"<!-- This site is optimized with the Yoast SEO plugin v27.5 - https:\/\/yoast.com\/product\/yoast-seo-wordpress\/ -->\n<title>Cirug\u00edas Generales y Traumatolog\u00edas - Centro Veterinario Galivet<\/title>\n<meta name=\"robots\" content=\"index, follow, max-snippet:-1, max-image-preview:large, max-video-preview:-1\" \/>\n<link rel=\"canonical\" href=\"https:\/\/galivet.es\/en\/cirugias-generales-y-traumatologias\/\" \/>\n<meta property=\"og:locale\" content=\"en_GB\" \/>\n<meta property=\"og:type\" content=\"article\" \/>\n<meta property=\"og:title\" content=\"Cirug\u00edas Generales y Traumatolog\u00edas - Centro Veterinario Galivet\" \/>\n<meta property=\"og:description\" content=\"centro veterinario galivet cirug\u00edas generales Intervenciones seguras y atenci\u00f3n experta para una recuperaci\u00f3n plena En la Cl\u00ednica Veterinaria Galivet, en Pozo Estrecho, contamos con el equipamiento y el equipo profesional necesario para realizar procedimientos quir\u00fargicos generales y espec\u00edficos con los m\u00e1s altos est\u00e1ndares de calidad. Nuestro objetivo es garantizar el bienestar y la recuperaci\u00f3n segura [&hellip;]\" \/>\n<meta property=\"og:url\" content=\"https:\/\/galivet.es\/en\/cirugias-generales-y-traumatologias\/\" \/>\n<meta property=\"og:site_name\" content=\"Centro Veterinario Galivet\" \/>\n<meta property=\"article:modified_time\" content=\"2025-08-04T12:47:38+00:00\" \/>\n<meta property=\"og:image\" content=\"https:\/\/galivet.es\/wp-content\/uploads\/2025\/07\/CIRUGIAS-GENERALES-scaled.jpg\" \/>\n\t<meta property=\"og:image:width\" content=\"1707\" \/>\n\t<meta property=\"og:image:height\" content=\"2560\" \/>\n\t<meta property=\"og:image:type\" content=\"image\/jpeg\" \/>\n<meta name=\"twitter:card\" content=\"summary_large_image\" \/>\n<meta name=\"twitter:label1\" content=\"Estimated reading time\" \/>\n\t<meta name=\"twitter:data1\" content=\"2 minutes\" \/>\n<script type=\"application\/ld+json\" class=\"yoast-schema-graph\">{\"@context\":\"https:\\\/\\\/schema.org\",\"@graph\":[{\"@type\":\"WebPage\",\"@id\":\"https:\\\/\\\/galivet.es\\\/en\\\/cirugias-generales-y-traumatologias\\\/\",\"url\":\"https:\\\/\\\/galivet.es\\\/en\\\/cirugias-generales-y-traumatologias\\\/\",\"name\":\"Cirug\u00edas Generales y Traumatolog\u00edas - Centro Veterinario Galivet\",\"isPartOf\":{\"@id\":\"https:\\\/\\\/galivet.es\\\/en\\\/#website\"},\"primaryImageOfPage\":{\"@id\":\"https:\\\/\\\/galivet.es\\\/en\\\/cirugias-generales-y-traumatologias\\\/#primaryimage\"},\"image\":{\"@id\":\"https:\\\/\\\/galivet.es\\\/en\\\/cirugias-generales-y-traumatologias\\\/#primaryimage\"},\"thumbnailUrl\":\"https:\\\/\\\/galivet.es\\\/wp-content\\\/uploads\\\/2025\\\/07\\\/CIRUGIAS-GENERALES-683x1024.jpg\",\"datePublished\":\"2025-07-04T10:10:18+00:00\",\"dateModified\":\"2025-08-04T12:47:38+00:00\",\"breadcrumb\":{\"@id\":\"https:\\\/\\\/galivet.es\\\/en\\\/cirugias-generales-y-traumatologias\\\/#breadcrumb\"},\"inLanguage\":\"en-GB\",\"potentialAction\":[{\"@type\":\"ReadAction\",\"target\":[\"https:\\\/\\\/galivet.es\\\/en\\\/cirugias-generales-y-traumatologias\\\/\"]}]},{\"@type\":\"ImageObject\",\"inLanguage\":\"en-GB\",\"@id\":\"https:\\\/\\\/galivet.es\\\/en\\\/cirugias-generales-y-traumatologias\\\/#primaryimage\",\"url\":\"https:\\\/\\\/galivet.es\\\/wp-content\\\/uploads\\\/2025\\\/07\\\/CIRUGIAS-GENERALES-683x1024.jpg\",\"contentUrl\":\"https:\\\/\\\/galivet.es\\\/wp-content\\\/uploads\\\/2025\\\/07\\\/CIRUGIAS-GENERALES-683x1024.jpg\"},{\"@type\":\"BreadcrumbList\",\"@id\":\"https:\\\/\\\/galivet.es\\\/en\\\/cirugias-generales-y-traumatologias\\\/#breadcrumb\",\"itemListElement\":[{\"@type\":\"ListItem\",\"position\":1,\"name\":\"Portada\",\"item\":\"https:\\\/\\\/galivet.es\\\/\"},{\"@type\":\"ListItem\",\"position\":2,\"name\":\"Cirug\u00edas Generales y Traumatolog\u00edas\"}]},{\"@type\":\"WebSite\",\"@id\":\"https:\\\/\\\/galivet.es\\\/en\\\/#website\",\"url\":\"https:\\\/\\\/galivet.es\\\/en\\\/\",\"name\":\"Centro Veterinario Galivet\",\"description\":\"\",\"publisher\":{\"@id\":\"https:\\\/\\\/galivet.es\\\/en\\\/#organization\"},\"potentialAction\":[{\"@type\":\"SearchAction\",\"target\":{\"@type\":\"EntryPoint\",\"urlTemplate\":\"https:\\\/\\\/galivet.es\\\/en\\\/?s={search_term_string}\"},\"query-input\":{\"@type\":\"PropertyValueSpecification\",\"valueRequired\":true,\"valueName\":\"search_term_string\"}}],\"inLanguage\":\"en-GB\"},{\"@type\":\"Organization\",\"@id\":\"https:\\\/\\\/galivet.es\\\/en\\\/#organization\",\"name\":\"Centro Veterinario Galivet\",\"url\":\"https:\\\/\\\/galivet.es\\\/en\\\/\",\"logo\":{\"@type\":\"ImageObject\",\"inLanguage\":\"en-GB\",\"@id\":\"https:\\\/\\\/galivet.es\\\/en\\\/#\\\/schema\\\/logo\\\/image\\\/\",\"url\":\"https:\\\/\\\/galivet.es\\\/wp-content\\\/uploads\\\/2025\\\/07\\\/cropped-logo-removebg-preview.png\",\"contentUrl\":\"https:\\\/\\\/galivet.es\\\/wp-content\\\/uploads\\\/2025\\\/07\\\/cropped-logo-removebg-preview.png\",\"width\":500,\"height\":398,\"caption\":\"Centro Veterinario Galivet\"},\"image\":{\"@id\":\"https:\\\/\\\/galivet.es\\\/en\\\/#\\\/schema\\\/logo\\\/image\\\/\"}}]}<\/script>\n<!-- \/ Yoast SEO plugin. -->","yoast_head_json":{"title":"Cirug\u00edas Generales y Traumatolog\u00edas - Centro Veterinario Galivet","robots":{"index":"index","follow":"follow","max-snippet":"max-snippet:-1","max-image-preview":"max-image-preview:large","max-video-preview":"max-video-preview:-1"},"canonical":"https:\/\/galivet.es\/en\/cirugias-generales-y-traumatologias\/","og_locale":"en_GB","og_type":"article","og_title":"Cirug\u00edas Generales y Traumatolog\u00edas - Centro Veterinario Galivet","og_description":"centro veterinario galivet cirug\u00edas generales Intervenciones seguras y atenci\u00f3n experta para una recuperaci\u00f3n plena En la Cl\u00ednica Veterinaria Galivet, en Pozo Estrecho, contamos con el equipamiento y el equipo profesional necesario para realizar procedimientos quir\u00fargicos generales y espec\u00edficos con los m\u00e1s altos est\u00e1ndares de calidad. Nuestro objetivo es garantizar el bienestar y la recuperaci\u00f3n segura [&hellip;]","og_url":"https:\/\/galivet.es\/en\/cirugias-generales-y-traumatologias\/","og_site_name":"Centro Veterinario Galivet","article_modified_time":"2025-08-04T12:47:38+00:00","og_image":[{"width":1707,"height":2560,"url":"https:\/\/galivet.es\/wp-content\/uploads\/2025\/07\/CIRUGIAS-GENERALES-scaled.jpg","type":"image\/jpeg"}],"twitter_card":"summary_large_image","twitter_misc":{"Estimated reading time":"2 minutes"},"schema":{"@context":"https:\/\/schema.org","@graph":[{"@type":"WebPage","@id":"https:\/\/galivet.es\/en\/cirugias-generales-y-traumatologias\/","url":"https:\/\/galivet.es\/en\/cirugias-generales-y-traumatologias\/","name":"Cirug\u00edas Generales y Traumatolog\u00edas - Centro Veterinario Galivet","isPartOf":{"@id":"https:\/\/galivet.es\/en\/#website"},"primaryImageOfPage":{"@id":"https:\/\/galivet.es\/en\/cirugias-generales-y-traumatologias\/#primaryimage"},"image":{"@id":"https:\/\/galivet.es\/en\/cirugias-generales-y-traumatologias\/#primaryimage"},"thumbnailUrl":"https:\/\/galivet.es\/wp-content\/uploads\/2025\/07\/CIRUGIAS-GENERALES-683x1024.jpg","datePublished":"2025-07-04T10:10:18+00:00","dateModified":"2025-08-04T12:47:38+00:00","breadcrumb":{"@id":"https:\/\/galivet.es\/en\/cirugias-generales-y-traumatologias\/#breadcrumb"},"inLanguage":"en-GB","potentialAction":[{"@type":"ReadAction","target":["https:\/\/galivet.es\/en\/cirugias-generales-y-traumatologias\/"]}]},{"@type":"ImageObject","inLanguage":"en-GB","@id":"https:\/\/galivet.es\/en\/cirugias-generales-y-traumatologias\/#primaryimage","url":"https:\/\/galivet.es\/wp-content\/uploads\/2025\/07\/CIRUGIAS-GENERALES-683x1024.jpg","contentUrl":"https:\/\/galivet.es\/wp-content\/uploads\/2025\/07\/CIRUGIAS-GENERALES-683x1024.jpg"},{"@type":"BreadcrumbList","@id":"https:\/\/galivet.es\/en\/cirugias-generales-y-traumatologias\/#breadcrumb","itemListElement":[{"@type":"ListItem","position":1,"name":"Portada","item":"https:\/\/galivet.es\/"},{"@type":"ListItem","position":2,"name":"Cirug\u00edas Generales y Traumatolog\u00edas"}]},{"@type":"WebSite","@id":"https:\/\/galivet.es\/en\/#website","url":"https:\/\/galivet.es\/en\/","name":"Centro Veterinario Galivet","description":"","publisher":{"@id":"https:\/\/galivet.es\/en\/#organization"},"potentialAction":[{"@type":"SearchAction","target":{"@type":"EntryPoint","urlTemplate":"https:\/\/galivet.es\/en\/?s={search_term_string}"},"query-input":{"@type":"PropertyValueSpecification","valueRequired":true,"valueName":"search_term_string"}}],"inLanguage":"en-GB"},{"@type":"Organization","@id":"https:\/\/galivet.es\/en\/#organization","name":"Centro Veterinario Galivet","url":"https:\/\/galivet.es\/en\/","logo":{"@type":"ImageObject","inLanguage":"en-GB","@id":"https:\/\/galivet.es\/en\/#\/schema\/logo\/image\/","url":"https:\/\/galivet.es\/wp-content\/uploads\/2025\/07\/cropped-logo-removebg-preview.png","contentUrl":"https:\/\/galivet.es\/wp-content\/uploads\/2025\/07\/cropped-logo-removebg-preview.png","width":500,"height":398,"caption":"Centro Veterinario Galivet"},"image":{"@id":"https:\/\/galivet.es\/en\/#\/schema\/logo\/image\/"}}]}},"_links":{"self":[{"href":"https:\/\/galivet.es\/en\/wp-json\/wp\/v2\/pages\/1459","targetHints":{"allow":["GET"]}}],"collection":[{"href":"https:\/\/galivet.es\/en\/wp-json\/wp\/v2\/pages"}],"about":[{"href":"https:\/\/galivet.es\/en\/wp-json\/wp\/v2\/types\/page"}],"author":[{"embeddable":true,"href":"https:\/\/galivet.es\/en\/wp-json\/wp\/v2\/users\/1"}],"replies":[{"embeddable":true,"href":"https:\/\/galivet.es\/en\/wp-json\/wp\/v2\/comments?post=1459"}],"version-history":[{"count":64,"href":"https:\/\/galivet.es\/en\/wp-json\/wp\/v2\/pages\/1459\/revisions"}],"predecessor-version":[{"id":2563,"href":"https:\/\/galivet.es\/en\/wp-json\/wp\/v2\/pages\/1459\/revisions\/2563"}],"wp:attachment":[{"href":"https:\/\/galivet.es\/en\/wp-json\/wp\/v2\/media?parent=1459"}],"curies":[{"name":"wp","href":"https:\/\/api.w.org\/{rel}","templated":true}]}}