{"id":1476,"date":"2025-07-04T10:16:30","date_gmt":"2025-07-04T10:16:30","guid":{"rendered":"https:\/\/galivet.rkinformatika.online\/?page_id=1476"},"modified":"2025-08-04T12:41:23","modified_gmt":"2025-08-04T12:41:23","slug":"laboratorio-clinico","status":"publish","type":"page","link":"https:\/\/galivet.es\/en\/laboratorio-clinico\/","title":{"rendered":"Clinical Laboratory"},"content":{"rendered":"<div data-elementor-type=\"wp-page\" data-elementor-id=\"1476\" class=\"elementor elementor-1476\" data-elementor-post-type=\"page\">\n\t\t\t\t<div class=\"elementor-element elementor-element-8c7fed0 e-flex e-con-boxed e-con e-parent\" data-id=\"8c7fed0\" data-element_type=\"container\" data-e-type=\"container\" data-settings=\"{&quot;background_background&quot;:&quot;classic&quot;,&quot;shape_divider_bottom&quot;:&quot;waves&quot;,&quot;shape_divider_bottom_negative&quot;:&quot;yes&quot;}\">\n\t\t\t\t\t<div class=\"e-con-inner\">\n\t\t\t\t<div class=\"elementor-shape elementor-shape-bottom\" aria-hidden=\"true\" data-negative=\"true\">\n\t\t\t<svg xmlns=\"http:\/\/www.w3.org\/2000\/svg\" viewbox=\"0 0 1000 100\" preserveaspectratio=\"none\">\n\t<path class=\"elementor-shape-fill\" d=\"M790.5,93.1c-59.3-5.3-116.8-18-192.6-50c-29.6-12.7-76.9-31-100.5-35.9c-23.6-4.9-52.6-7.8-75.5-5.3\tc-10.2,1.1-22.6,1.4-50.1,7.4c-27.2,6.3-58.2,16.6-79.4,24.7c-41.3,15.9-94.9,21.9-134,22.6C72,58.2,0,25.8,0,25.8V100h1000V65.3\tc0,0-51.5,19.4-106.2,25.7C839.5,97,814.1,95.2,790.5,93.1z\"\/>\n<\/svg>\t\t<\/div>\n\t\t\t\t<div class=\"elementor-element elementor-element-96a378c elementor-icon-list--layout-inline elementor-list-item-link-full_width elementor-widget elementor-widget-icon-list\" data-id=\"96a378c\" data-element_type=\"widget\" data-e-type=\"widget\" data-widget_type=\"icon-list.default\">\n\t\t\t\t\t\t\t<ul class=\"elementor-icon-list-items elementor-inline-items\">\n\t\t\t\t\t\t\t<li class=\"elementor-icon-list-item elementor-inline-item\">\n\t\t\t\t\t\t\t\t\t\t\t<a href=\"https:\/\/galivet.es\/en\">\n\n\t\t\t\t\t\t\t\t\t\t\t<span class=\"elementor-icon-list-text\">centro veterinario galivet<\/span>\n\t\t\t\t\t\t\t\t\t\t\t<\/a>\n\t\t\t\t\t\t\t\t\t<\/li>\n\t\t\t\t\t\t\t\t<li class=\"elementor-icon-list-item elementor-inline-item\">\n\t\t\t\t\t\t\t\t\t\t\t<span class=\"elementor-icon-list-icon\">\n\t\t\t\t\t\t\t<svg aria-hidden=\"true\" class=\"e-font-icon-svg e-fas-chevron-right\" viewbox=\"0 0 320 512\" xmlns=\"http:\/\/www.w3.org\/2000\/svg\"><path d=\"M285.476 272.971L91.132 467.314c-9.373 9.373-24.569 9.373-33.941 0l-22.667-22.667c-9.357-9.357-9.375-24.522-.04-33.901L188.505 256 34.484 101.255c-9.335-9.379-9.317-24.544.04-33.901l22.667-22.667c9.373-9.373 24.569-9.373 33.941 0L285.475 239.03c9.373 9.372 9.373 24.568.001 33.941z\"><\/path><\/svg>\t\t\t\t\t\t<\/span>\n\t\t\t\t\t\t\t\t\t\t<span class=\"elementor-icon-list-text\">Clinical Laboratory<\/span>\n\t\t\t\t\t\t\t\t\t<\/li>\n\t\t\t\t\t\t<\/ul>\n\t\t\t\t\t\t<\/div>\n\t\t\t\t\t<\/div>\n\t\t\t\t<\/div>\n\t\t<div class=\"elementor-element elementor-element-46409a6 e-flex e-con-boxed e-con e-parent\" data-id=\"46409a6\" data-element_type=\"container\" data-e-type=\"container\" data-settings=\"{&quot;background_background&quot;:&quot;classic&quot;}\">\n\t\t\t\t\t<div class=\"e-con-inner\">\n\t\t<div class=\"elementor-element elementor-element-4b48190 e-con-full e-flex e-con e-child\" data-id=\"4b48190\" data-element_type=\"container\" data-e-type=\"container\">\n\t\t\t\t<div class=\"elementor-element elementor-element-fd86a7e elementor-widget elementor-widget-heading\" data-id=\"fd86a7e\" data-element_type=\"widget\" data-e-type=\"widget\" data-widget_type=\"heading.default\">\n\t\t\t\t\t<h2 class=\"elementor-heading-title elementor-size-default\">Fast and accurate diagnosis for effective treatment<\/h2>\t\t\t\t<\/div>\n\t\t\t\t<div class=\"elementor-element elementor-element-40c619e elementor-widget elementor-widget-text-editor\" data-id=\"40c619e\" data-element_type=\"widget\" data-e-type=\"widget\" data-widget_type=\"text-editor.default\">\n\t\t\t\t\t\t\t\t\t<p>En la Cl\u00ednica Veterinaria Galivet, contamos con un laboratorio cl\u00ednico de \u00faltima tecnolog\u00eda, dise\u00f1ado para ofrecer resultados confiables y oportunos. Sabemos que un diagn\u00f3stico preciso es fundamental para actuar a tiempo y brindar el tratamiento m\u00e1s adecuado a tu mascota. Por eso, trabajamos bajo los m\u00e1s altos est\u00e1ndares de calidad y con tecnolog\u00eda avanzada.<\/p>\t\t\t\t\t\t\t\t<\/div>\n\t\t\t\t<div class=\"elementor-element elementor-element-f458d29 elementor-widget elementor-widget-heading\" data-id=\"f458d29\" data-element_type=\"widget\" data-e-type=\"widget\" data-widget_type=\"heading.default\">\n\t\t\t\t\t<h2 class=\"elementor-heading-title elementor-size-default\">What Is a Veterinary Clinical Laboratory?<\/h2>\t\t\t\t<\/div>\n\t\t\t\t<div class=\"elementor-element elementor-element-b5b1a3d elementor-widget elementor-widget-text-editor\" data-id=\"b5b1a3d\" data-element_type=\"widget\" data-e-type=\"widget\" data-widget_type=\"text-editor.default\">\n\t\t\t\t\t\t\t\t\t<p>Un laboratorio cl\u00ednico veterinario permite realizar una variedad de pruebas diagn\u00f3sticas que ayudan a evaluar la salud general de las mascotas, detectar enfermedades en etapas tempranas y monitorear tratamientos. Entre los estudios m\u00e1s comunes se encuentran an\u00e1lisis de sangre, orina, heces, biopsias y citolog\u00edas.<\/p>\t\t\t\t\t\t\t\t<\/div>\n\t\t\t\t<div class=\"elementor-element elementor-element-3a24368 elementor-widget__width-inherit elementor-widget elementor-widget-heading\" data-id=\"3a24368\" data-element_type=\"widget\" data-e-type=\"widget\" data-widget_type=\"heading.default\">\n\t\t\t\t\t<h2 class=\"elementor-heading-title elementor-size-default\">Clinical Laboratory Services at Galivet<\/h2>\t\t\t\t<\/div>\n\t\t\t\t<div class=\"elementor-element elementor-element-0c8fc89 elementor-widget__width-initial elementor-widget elementor-widget-text-editor\" data-id=\"0c8fc89\" data-element_type=\"widget\" data-e-type=\"widget\" data-widget_type=\"text-editor.default\">\n\t\t\t\t\t\t\t\t\t<p data-start=\"911\" data-end=\"1063\">En nuestra cl\u00ednica en Pozo Estrecho, ofrecemos un amplio abanico de pruebas diagn\u00f3sticas, entre ellas:<\/p><ul data-start=\"1065\" data-end=\"1659\"><li data-start=\"1065\" data-end=\"1248\"><p data-start=\"1067\" data-end=\"1248\"><strong data-start=\"1067\" data-end=\"1090\">An\u00e1lisis de sangre:<\/strong><br data-start=\"1090\" data-end=\"1093\" \/>Estas pruebas permiten detectar anemia, infecciones, alteraciones hep\u00e1ticas o renales, problemas hormonales y otras condiciones que afectan el organismo.<\/p><\/li><li data-start=\"1250\" data-end=\"1389\"><p data-start=\"1252\" data-end=\"1389\"><strong data-start=\"1252\" data-end=\"1273\">Pruebas de orina:<\/strong><br data-start=\"1273\" data-end=\"1276\" \/>Son esenciales para diagnosticar infecciones urinarias, c\u00e1lculos, enfermedades metab\u00f3licas y problemas renales.<\/p><\/li><li data-start=\"1391\" data-end=\"1518\"><p data-start=\"1393\" data-end=\"1518\"><strong data-start=\"1393\" data-end=\"1415\">Estudios de heces:<\/strong><br data-start=\"1415\" data-end=\"1418\" \/>Ideales para identificar par\u00e1sitos intestinales y evaluar el funcionamiento del sistema digestivo.<\/p><\/li><li data-start=\"1520\" data-end=\"1659\"><p data-start=\"1522\" data-end=\"1659\"><strong data-start=\"1522\" data-end=\"1547\">Citolog\u00eda y biopsias:<\/strong><br data-start=\"1547\" data-end=\"1550\" \/>Ayudan a diagnosticar tumores, enfermedades de la piel, masas sospechosas y condiciones internas complejas.<\/p><\/li><\/ul>\t\t\t\t\t\t\t\t<\/div>\n\t\t\t\t<div class=\"elementor-element elementor-element-00cea9b elementor-widget__width-initial elementor-widget elementor-widget-image\" data-id=\"00cea9b\" data-element_type=\"widget\" data-e-type=\"widget\" data-widget_type=\"image.default\">\n\t\t\t\t\t\t\t\t\t\t\t\t\t\t\t<img fetchpriority=\"high\" decoding=\"async\" width=\"800\" height=\"534\" src=\"https:\/\/galivet.es\/wp-content\/uploads\/2025\/07\/LABORATORIO-CLINICO-1024x683.jpg\" class=\"attachment-large size-large wp-image-2277\" alt=\"LABORATORIO CLINICO\" srcset=\"https:\/\/galivet.es\/wp-content\/uploads\/2025\/07\/LABORATORIO-CLINICO-1024x683.jpg 1024w, https:\/\/galivet.es\/wp-content\/uploads\/2025\/07\/LABORATORIO-CLINICO-300x200.jpg 300w, https:\/\/galivet.es\/wp-content\/uploads\/2025\/07\/LABORATORIO-CLINICO-768x512.jpg 768w, https:\/\/galivet.es\/wp-content\/uploads\/2025\/07\/LABORATORIO-CLINICO-1536x1024.jpg 1536w, https:\/\/galivet.es\/wp-content\/uploads\/2025\/07\/LABORATORIO-CLINICO-2048x1365.jpg 2048w, https:\/\/galivet.es\/wp-content\/uploads\/2025\/07\/LABORATORIO-CLINICO-18x12.jpg 18w\" sizes=\"(max-width: 800px) 100vw, 800px\" \/>\t\t\t\t\t\t\t\t\t\t\t\t\t\t\t<\/div>\n\t\t\t\t<div class=\"elementor-element elementor-element-a4caa9d elementor-widget elementor-widget-heading\" data-id=\"a4caa9d\" data-element_type=\"widget\" data-e-type=\"widget\" data-widget_type=\"heading.default\">\n\t\t\t\t\t<h2 class=\"elementor-heading-title elementor-size-default\">Committed to Your Pet\u2019s Health<\/h2>\t\t\t\t<\/div>\n\t\t\t\t<div class=\"elementor-element elementor-element-db20d31 elementor-widget elementor-widget-text-editor\" data-id=\"db20d31\" data-element_type=\"widget\" data-e-type=\"widget\" data-widget_type=\"text-editor.default\">\n\t\t\t\t\t\t\t\t\t<p data-start=\"1661\" data-end=\"1937\">En Galivet, nuestra prioridad es el bienestar de las mascotas. Gracias a nuestro laboratorio interno, podemos obtener resultados en menor tiempo, facilitando un diagn\u00f3stico temprano y el inicio inmediato del tratamiento adecuado.<\/p><p data-start=\"1939\" data-end=\"2093\">\u00bfTienes preguntas o necesitas programar una consulta? Estamos a tu disposici\u00f3n para cuidar la salud de tu mascota con precisi\u00f3n, responsabilidad y cari\u00f1o.<\/p>\t\t\t\t\t\t\t\t<\/div>\n\t\t\t\t<\/div>\n\t\t\t\t\t<\/div>\n\t\t\t\t<\/div>\n\t\t\t\t<\/div>","protected":false},"excerpt":{"rendered":"<p>centro veterinario galivet laboratorio cl\u00ednico Diagn\u00f3stico r\u00e1pido y preciso para un tratamiento eficaz En la Cl\u00ednica Veterinaria Galivet, contamos con un laboratorio cl\u00ednico de \u00faltima tecnolog\u00eda, dise\u00f1ado para ofrecer resultados confiables y oportunos. Sabemos que un diagn\u00f3stico preciso es fundamental para actuar a tiempo y brindar el tratamiento m\u00e1s adecuado a tu mascota. Por eso, [&hellip;]<\/p>\n","protected":false},"author":1,"featured_media":0,"parent":0,"menu_order":0,"comment_status":"closed","ping_status":"closed","template":"elementor_canvas","meta":{"footnotes":""},"class_list":["post-1476","page","type-page","status-publish","hentry"],"yoast_head":"<!-- This site is optimized with the Yoast SEO plugin v27.5 - https:\/\/yoast.com\/product\/yoast-seo-wordpress\/ -->\n<title>Laboratorio Cl\u00ednico - Centro Veterinario Galivet<\/title>\n<meta name=\"robots\" content=\"index, follow, max-snippet:-1, max-image-preview:large, max-video-preview:-1\" \/>\n<link rel=\"canonical\" href=\"https:\/\/galivet.es\/en\/laboratorio-clinico\/\" \/>\n<meta property=\"og:locale\" content=\"en_GB\" \/>\n<meta property=\"og:type\" content=\"article\" \/>\n<meta property=\"og:title\" content=\"Laboratorio Cl\u00ednico - Centro Veterinario Galivet\" \/>\n<meta property=\"og:description\" content=\"centro veterinario galivet laboratorio cl\u00ednico Diagn\u00f3stico r\u00e1pido y preciso para un tratamiento eficaz En la Cl\u00ednica Veterinaria Galivet, contamos con un laboratorio cl\u00ednico de \u00faltima tecnolog\u00eda, dise\u00f1ado para ofrecer resultados confiables y oportunos. Sabemos que un diagn\u00f3stico preciso es fundamental para actuar a tiempo y brindar el tratamiento m\u00e1s adecuado a tu mascota. Por eso, [&hellip;]\" \/>\n<meta property=\"og:url\" content=\"https:\/\/galivet.es\/en\/laboratorio-clinico\/\" \/>\n<meta property=\"og:site_name\" content=\"Centro Veterinario Galivet\" \/>\n<meta property=\"article:modified_time\" content=\"2025-08-04T12:41:23+00:00\" \/>\n<meta property=\"og:image\" content=\"https:\/\/galivet.es\/wp-content\/uploads\/2025\/07\/LABORATORIO-CLINICO-scaled.jpg\" \/>\n\t<meta property=\"og:image:width\" content=\"2560\" \/>\n\t<meta property=\"og:image:height\" content=\"1707\" \/>\n\t<meta property=\"og:image:type\" content=\"image\/jpeg\" \/>\n<meta name=\"twitter:card\" content=\"summary_large_image\" \/>\n<meta name=\"twitter:label1\" content=\"Estimated reading time\" \/>\n\t<meta name=\"twitter:data1\" content=\"2 minutes\" \/>\n<script type=\"application\/ld+json\" class=\"yoast-schema-graph\">{\"@context\":\"https:\\\/\\\/schema.org\",\"@graph\":[{\"@type\":\"WebPage\",\"@id\":\"https:\\\/\\\/galivet.es\\\/en\\\/laboratorio-clinico\\\/\",\"url\":\"https:\\\/\\\/galivet.es\\\/en\\\/laboratorio-clinico\\\/\",\"name\":\"Laboratorio Cl\u00ednico - Centro Veterinario Galivet\",\"isPartOf\":{\"@id\":\"https:\\\/\\\/galivet.es\\\/en\\\/#website\"},\"primaryImageOfPage\":{\"@id\":\"https:\\\/\\\/galivet.es\\\/en\\\/laboratorio-clinico\\\/#primaryimage\"},\"image\":{\"@id\":\"https:\\\/\\\/galivet.es\\\/en\\\/laboratorio-clinico\\\/#primaryimage\"},\"thumbnailUrl\":\"https:\\\/\\\/galivet.es\\\/wp-content\\\/uploads\\\/2025\\\/07\\\/LABORATORIO-CLINICO-1024x683.jpg\",\"datePublished\":\"2025-07-04T10:16:30+00:00\",\"dateModified\":\"2025-08-04T12:41:23+00:00\",\"breadcrumb\":{\"@id\":\"https:\\\/\\\/galivet.es\\\/en\\\/laboratorio-clinico\\\/#breadcrumb\"},\"inLanguage\":\"en-GB\",\"potentialAction\":[{\"@type\":\"ReadAction\",\"target\":[\"https:\\\/\\\/galivet.es\\\/en\\\/laboratorio-clinico\\\/\"]}]},{\"@type\":\"ImageObject\",\"inLanguage\":\"en-GB\",\"@id\":\"https:\\\/\\\/galivet.es\\\/en\\\/laboratorio-clinico\\\/#primaryimage\",\"url\":\"https:\\\/\\\/galivet.es\\\/wp-content\\\/uploads\\\/2025\\\/07\\\/LABORATORIO-CLINICO-1024x683.jpg\",\"contentUrl\":\"https:\\\/\\\/galivet.es\\\/wp-content\\\/uploads\\\/2025\\\/07\\\/LABORATORIO-CLINICO-1024x683.jpg\"},{\"@type\":\"BreadcrumbList\",\"@id\":\"https:\\\/\\\/galivet.es\\\/en\\\/laboratorio-clinico\\\/#breadcrumb\",\"itemListElement\":[{\"@type\":\"ListItem\",\"position\":1,\"name\":\"Portada\",\"item\":\"https:\\\/\\\/galivet.es\\\/\"},{\"@type\":\"ListItem\",\"position\":2,\"name\":\"Laboratorio Cl\u00ednico\"}]},{\"@type\":\"WebSite\",\"@id\":\"https:\\\/\\\/galivet.es\\\/en\\\/#website\",\"url\":\"https:\\\/\\\/galivet.es\\\/en\\\/\",\"name\":\"Centro Veterinario Galivet\",\"description\":\"\",\"publisher\":{\"@id\":\"https:\\\/\\\/galivet.es\\\/en\\\/#organization\"},\"potentialAction\":[{\"@type\":\"SearchAction\",\"target\":{\"@type\":\"EntryPoint\",\"urlTemplate\":\"https:\\\/\\\/galivet.es\\\/en\\\/?s={search_term_string}\"},\"query-input\":{\"@type\":\"PropertyValueSpecification\",\"valueRequired\":true,\"valueName\":\"search_term_string\"}}],\"inLanguage\":\"en-GB\"},{\"@type\":\"Organization\",\"@id\":\"https:\\\/\\\/galivet.es\\\/en\\\/#organization\",\"name\":\"Centro Veterinario Galivet\",\"url\":\"https:\\\/\\\/galivet.es\\\/en\\\/\",\"logo\":{\"@type\":\"ImageObject\",\"inLanguage\":\"en-GB\",\"@id\":\"https:\\\/\\\/galivet.es\\\/en\\\/#\\\/schema\\\/logo\\\/image\\\/\",\"url\":\"https:\\\/\\\/galivet.es\\\/wp-content\\\/uploads\\\/2025\\\/07\\\/cropped-logo-removebg-preview.png\",\"contentUrl\":\"https:\\\/\\\/galivet.es\\\/wp-content\\\/uploads\\\/2025\\\/07\\\/cropped-logo-removebg-preview.png\",\"width\":500,\"height\":398,\"caption\":\"Centro Veterinario Galivet\"},\"image\":{\"@id\":\"https:\\\/\\\/galivet.es\\\/en\\\/#\\\/schema\\\/logo\\\/image\\\/\"}}]}<\/script>\n<!-- \/ Yoast SEO plugin. -->","yoast_head_json":{"title":"Laboratorio Cl\u00ednico - Centro Veterinario Galivet","robots":{"index":"index","follow":"follow","max-snippet":"max-snippet:-1","max-image-preview":"max-image-preview:large","max-video-preview":"max-video-preview:-1"},"canonical":"https:\/\/galivet.es\/en\/laboratorio-clinico\/","og_locale":"en_GB","og_type":"article","og_title":"Laboratorio Cl\u00ednico - Centro Veterinario Galivet","og_description":"centro veterinario galivet laboratorio cl\u00ednico Diagn\u00f3stico r\u00e1pido y preciso para un tratamiento eficaz En la Cl\u00ednica Veterinaria Galivet, contamos con un laboratorio cl\u00ednico de \u00faltima tecnolog\u00eda, dise\u00f1ado para ofrecer resultados confiables y oportunos. Sabemos que un diagn\u00f3stico preciso es fundamental para actuar a tiempo y brindar el tratamiento m\u00e1s adecuado a tu mascota. Por eso, [&hellip;]","og_url":"https:\/\/galivet.es\/en\/laboratorio-clinico\/","og_site_name":"Centro Veterinario Galivet","article_modified_time":"2025-08-04T12:41:23+00:00","og_image":[{"width":2560,"height":1707,"url":"https:\/\/galivet.es\/wp-content\/uploads\/2025\/07\/LABORATORIO-CLINICO-scaled.jpg","type":"image\/jpeg"}],"twitter_card":"summary_large_image","twitter_misc":{"Estimated reading time":"2 minutes"},"schema":{"@context":"https:\/\/schema.org","@graph":[{"@type":"WebPage","@id":"https:\/\/galivet.es\/en\/laboratorio-clinico\/","url":"https:\/\/galivet.es\/en\/laboratorio-clinico\/","name":"Laboratorio Cl\u00ednico - Centro Veterinario Galivet","isPartOf":{"@id":"https:\/\/galivet.es\/en\/#website"},"primaryImageOfPage":{"@id":"https:\/\/galivet.es\/en\/laboratorio-clinico\/#primaryimage"},"image":{"@id":"https:\/\/galivet.es\/en\/laboratorio-clinico\/#primaryimage"},"thumbnailUrl":"https:\/\/galivet.es\/wp-content\/uploads\/2025\/07\/LABORATORIO-CLINICO-1024x683.jpg","datePublished":"2025-07-04T10:16:30+00:00","dateModified":"2025-08-04T12:41:23+00:00","breadcrumb":{"@id":"https:\/\/galivet.es\/en\/laboratorio-clinico\/#breadcrumb"},"inLanguage":"en-GB","potentialAction":[{"@type":"ReadAction","target":["https:\/\/galivet.es\/en\/laboratorio-clinico\/"]}]},{"@type":"ImageObject","inLanguage":"en-GB","@id":"https:\/\/galivet.es\/en\/laboratorio-clinico\/#primaryimage","url":"https:\/\/galivet.es\/wp-content\/uploads\/2025\/07\/LABORATORIO-CLINICO-1024x683.jpg","contentUrl":"https:\/\/galivet.es\/wp-content\/uploads\/2025\/07\/LABORATORIO-CLINICO-1024x683.jpg"},{"@type":"BreadcrumbList","@id":"https:\/\/galivet.es\/en\/laboratorio-clinico\/#breadcrumb","itemListElement":[{"@type":"ListItem","position":1,"name":"Portada","item":"https:\/\/galivet.es\/"},{"@type":"ListItem","position":2,"name":"Laboratorio Cl\u00ednico"}]},{"@type":"WebSite","@id":"https:\/\/galivet.es\/en\/#website","url":"https:\/\/galivet.es\/en\/","name":"Centro Veterinario Galivet","description":"","publisher":{"@id":"https:\/\/galivet.es\/en\/#organization"},"potentialAction":[{"@type":"SearchAction","target":{"@type":"EntryPoint","urlTemplate":"https:\/\/galivet.es\/en\/?s={search_term_string}"},"query-input":{"@type":"PropertyValueSpecification","valueRequired":true,"valueName":"search_term_string"}}],"inLanguage":"en-GB"},{"@type":"Organization","@id":"https:\/\/galivet.es\/en\/#organization","name":"Centro Veterinario Galivet","url":"https:\/\/galivet.es\/en\/","logo":{"@type":"ImageObject","inLanguage":"en-GB","@id":"https:\/\/galivet.es\/en\/#\/schema\/logo\/image\/","url":"https:\/\/galivet.es\/wp-content\/uploads\/2025\/07\/cropped-logo-removebg-preview.png","contentUrl":"https:\/\/galivet.es\/wp-content\/uploads\/2025\/07\/cropped-logo-removebg-preview.png","width":500,"height":398,"caption":"Centro Veterinario Galivet"},"image":{"@id":"https:\/\/galivet.es\/en\/#\/schema\/logo\/image\/"}}]}},"_links":{"self":[{"href":"https:\/\/galivet.es\/en\/wp-json\/wp\/v2\/pages\/1476","targetHints":{"allow":["GET"]}}],"collection":[{"href":"https:\/\/galivet.es\/en\/wp-json\/wp\/v2\/pages"}],"about":[{"href":"https:\/\/galivet.es\/en\/wp-json\/wp\/v2\/types\/page"}],"author":[{"embeddable":true,"href":"https:\/\/galivet.es\/en\/wp-json\/wp\/v2\/users\/1"}],"replies":[{"embeddable":true,"href":"https:\/\/galivet.es\/en\/wp-json\/wp\/v2\/comments?post=1476"}],"version-history":[{"count":40,"href":"https:\/\/galivet.es\/en\/wp-json\/wp\/v2\/pages\/1476\/revisions"}],"predecessor-version":[{"id":2509,"href":"https:\/\/galivet.es\/en\/wp-json\/wp\/v2\/pages\/1476\/revisions\/2509"}],"wp:attachment":[{"href":"https:\/\/galivet.es\/en\/wp-json\/wp\/v2\/media?parent=1476"}],"curies":[{"name":"wp","href":"https:\/\/api.w.org\/{rel}","templated":true}]}}