{"id":17,"date":"2025-07-01T15:55:16","date_gmt":"2025-07-01T15:55:16","guid":{"rendered":"https:\/\/galivet.rkinformatika.online\/?page_id=17"},"modified":"2025-09-11T07:48:38","modified_gmt":"2025-09-11T07:48:38","slug":"contacto","status":"publish","type":"page","link":"https:\/\/galivet.es\/en\/contacto\/","title":{"rendered":"Contact"},"content":{"rendered":"<div data-elementor-type=\"wp-page\" data-elementor-id=\"17\" class=\"elementor elementor-17\" data-elementor-post-type=\"page\">\n\t\t\t\t<div class=\"elementor-element elementor-element-ab13171 e-flex e-con-boxed e-con e-parent\" data-id=\"ab13171\" data-element_type=\"container\" data-e-type=\"container\" data-settings=\"{&quot;background_background&quot;:&quot;classic&quot;,&quot;shape_divider_bottom&quot;:&quot;waves&quot;,&quot;shape_divider_bottom_negative&quot;:&quot;yes&quot;}\">\n\t\t\t\t\t<div class=\"e-con-inner\">\n\t\t\t\t<div class=\"elementor-shape elementor-shape-bottom\" aria-hidden=\"true\" data-negative=\"true\">\n\t\t\t<svg xmlns=\"http:\/\/www.w3.org\/2000\/svg\" viewbox=\"0 0 1000 100\" preserveaspectratio=\"none\">\n\t<path class=\"elementor-shape-fill\" d=\"M790.5,93.1c-59.3-5.3-116.8-18-192.6-50c-29.6-12.7-76.9-31-100.5-35.9c-23.6-4.9-52.6-7.8-75.5-5.3\tc-10.2,1.1-22.6,1.4-50.1,7.4c-27.2,6.3-58.2,16.6-79.4,24.7c-41.3,15.9-94.9,21.9-134,22.6C72,58.2,0,25.8,0,25.8V100h1000V65.3\tc0,0-51.5,19.4-106.2,25.7C839.5,97,814.1,95.2,790.5,93.1z\"\/>\n<\/svg>\t\t<\/div>\n\t\t\t\t<div class=\"elementor-element elementor-element-3c62378 elementor-icon-list--layout-inline elementor-list-item-link-full_width elementor-widget elementor-widget-icon-list\" data-id=\"3c62378\" data-element_type=\"widget\" data-e-type=\"widget\" data-widget_type=\"icon-list.default\">\n\t\t\t\t\t\t\t<ul class=\"elementor-icon-list-items elementor-inline-items\">\n\t\t\t\t\t\t\t<li class=\"elementor-icon-list-item elementor-inline-item\">\n\t\t\t\t\t\t\t\t\t\t\t<a href=\"https:\/\/galivet.es\/en\">\n\n\t\t\t\t\t\t\t\t\t\t\t<span class=\"elementor-icon-list-text\">Home<\/span>\n\t\t\t\t\t\t\t\t\t\t\t<\/a>\n\t\t\t\t\t\t\t\t\t<\/li>\n\t\t\t\t\t\t\t\t<li class=\"elementor-icon-list-item elementor-inline-item\">\n\t\t\t\t\t\t\t\t\t\t\t<span class=\"elementor-icon-list-icon\">\n\t\t\t\t\t\t\t<svg aria-hidden=\"true\" class=\"e-font-icon-svg e-fas-chevron-right\" viewbox=\"0 0 320 512\" xmlns=\"http:\/\/www.w3.org\/2000\/svg\"><path d=\"M285.476 272.971L91.132 467.314c-9.373 9.373-24.569 9.373-33.941 0l-22.667-22.667c-9.357-9.357-9.375-24.522-.04-33.901L188.505 256 34.484 101.255c-9.335-9.379-9.317-24.544.04-33.901l22.667-22.667c9.373-9.373 24.569-9.373 33.941 0L285.475 239.03c9.373 9.372 9.373 24.568.001 33.941z\"><\/path><\/svg>\t\t\t\t\t\t<\/span>\n\t\t\t\t\t\t\t\t\t\t<span class=\"elementor-icon-list-text\">Contact<\/span>\n\t\t\t\t\t\t\t\t\t<\/li>\n\t\t\t\t\t\t<\/ul>\n\t\t\t\t\t\t<\/div>\n\t\t\t\t\t<\/div>\n\t\t\t\t<\/div>\n\t\t<div class=\"elementor-element elementor-element-8196002 e-flex e-con-boxed e-con e-parent\" data-id=\"8196002\" data-element_type=\"container\" data-e-type=\"container\" data-settings=\"{&quot;background_background&quot;:&quot;classic&quot;}\">\n\t\t\t\t\t<div class=\"e-con-inner\">\n\t\t<div class=\"elementor-element elementor-element-3786fe1 e-con-full e-flex e-con e-child\" data-id=\"3786fe1\" data-element_type=\"container\" data-e-type=\"container\">\n\t\t\t\t<div class=\"elementor-element elementor-element-d218cdc elementor-position-top elementor-widget elementor-widget-image-box\" data-id=\"d218cdc\" data-element_type=\"widget\" data-e-type=\"widget\" data-widget_type=\"image-box.default\">\n\t\t\t\t\t<div class=\"elementor-image-box-wrapper\"><figure class=\"elementor-image-box-img\"><img decoding=\"async\" width=\"176\" height=\"179\" src=\"https:\/\/galivet.es\/wp-content\/uploads\/2025\/07\/Captura-desde-2025-07-02-12-43-33.png\" class=\"attachment-full size-full wp-image-520\" alt=\"\" srcset=\"https:\/\/galivet.es\/wp-content\/uploads\/2025\/07\/Captura-desde-2025-07-02-12-43-33.png 176w, https:\/\/galivet.es\/wp-content\/uploads\/2025\/07\/Captura-desde-2025-07-02-12-43-33-12x12.png 12w\" sizes=\"(max-width: 176px) 100vw, 176px\" \/><\/figure><div class=\"elementor-image-box-content\"><h3 class=\"elementor-image-box-title\">Schedule<\/h3><p class=\"elementor-image-box-description\">Lunes a viernes:  09:30 a 20:00<br>\n\nS\u00e1bado: 10:00 a 13:30<\/p><\/div><\/div>\t\t\t\t<\/div>\n\t\t\t\t<\/div>\n\t\t<div class=\"elementor-element elementor-element-0132f76 e-con-full e-flex e-con e-child\" data-id=\"0132f76\" data-element_type=\"container\" data-e-type=\"container\">\n\t\t\t\t<div class=\"elementor-element elementor-element-bf01d4a elementor-position-top elementor-widget elementor-widget-image-box\" data-id=\"bf01d4a\" data-element_type=\"widget\" data-e-type=\"widget\" data-widget_type=\"image-box.default\">\n\t\t\t\t\t<div class=\"elementor-image-box-wrapper\"><figure class=\"elementor-image-box-img\"><a href=\"tel:%20+%2034%20672%20579%20031\" tabindex=\"-1\"><img decoding=\"async\" width=\"166\" height=\"178\" src=\"https:\/\/galivet.es\/wp-content\/uploads\/2025\/07\/Captura-desde-2025-07-02-13-12-05.png\" class=\"attachment-full size-full wp-image-545\" alt=\"blue color oval\" srcset=\"https:\/\/galivet.es\/wp-content\/uploads\/2025\/07\/Captura-desde-2025-07-02-13-12-05.png 166w, https:\/\/galivet.es\/wp-content\/uploads\/2025\/07\/Captura-desde-2025-07-02-13-12-05-11x12.png 11w\" sizes=\"(max-width: 166px) 100vw, 166px\" \/><\/a><\/figure><div class=\"elementor-image-box-content\"><h3 class=\"elementor-image-box-title\"><a href=\"tel:%20+%2034%20672%20579%20031\">Phone Number<\/a><\/h3><p class=\"elementor-image-box-description\">+ 34 672 579 031\n<\/p><\/div><\/div>\t\t\t\t<\/div>\n\t\t\t\t<\/div>\n\t\t<div class=\"elementor-element elementor-element-20223a2 e-con-full e-flex e-con e-child\" data-id=\"20223a2\" data-element_type=\"container\" data-e-type=\"container\">\n\t\t\t\t<div class=\"elementor-element elementor-element-d428eca elementor-position-top elementor-widget elementor-widget-image-box\" data-id=\"d428eca\" data-element_type=\"widget\" data-e-type=\"widget\" data-widget_type=\"image-box.default\">\n\t\t\t\t\t<div class=\"elementor-image-box-wrapper\"><figure class=\"elementor-image-box-img\"><img decoding=\"async\" width=\"166\" height=\"178\" src=\"https:\/\/galivet.es\/wp-content\/uploads\/2025\/07\/Captura-desde-2025-07-02-13-12-10.png\" class=\"attachment-full size-full wp-image-546\" alt=\"\" srcset=\"https:\/\/galivet.es\/wp-content\/uploads\/2025\/07\/Captura-desde-2025-07-02-13-12-10.png 166w, https:\/\/galivet.es\/wp-content\/uploads\/2025\/07\/Captura-desde-2025-07-02-13-12-10-11x12.png 11w\" sizes=\"(max-width: 166px) 100vw, 166px\" \/><\/figure><div class=\"elementor-image-box-content\"><h3 class=\"elementor-image-box-title\">Email<\/h3><p class=\"elementor-image-box-description\">galivetcentroveterinario@gmail.com<\/p><\/div><\/div>\t\t\t\t<\/div>\n\t\t\t\t<\/div>\n\t\t<div class=\"elementor-element elementor-element-2fdbd01 e-con-full e-flex e-con e-child\" data-id=\"2fdbd01\" data-element_type=\"container\" data-e-type=\"container\">\n\t\t\t\t<div class=\"elementor-element elementor-element-79ea4d3 elementor-position-top elementor-widget elementor-widget-image-box\" data-id=\"79ea4d3\" data-element_type=\"widget\" data-e-type=\"widget\" data-widget_type=\"image-box.default\">\n\t\t\t\t\t<div class=\"elementor-image-box-wrapper\"><figure class=\"elementor-image-box-img\"><img loading=\"lazy\" decoding=\"async\" width=\"166\" height=\"178\" src=\"https:\/\/galivet.es\/wp-content\/uploads\/2025\/07\/Captura-desde-2025-07-02-13-12-14.png\" class=\"attachment-full size-full wp-image-547\" alt=\"\" srcset=\"https:\/\/galivet.es\/wp-content\/uploads\/2025\/07\/Captura-desde-2025-07-02-13-12-14.png 166w, https:\/\/galivet.es\/wp-content\/uploads\/2025\/07\/Captura-desde-2025-07-02-13-12-14-11x12.png 11w\" sizes=\"(max-width: 166px) 100vw, 166px\" \/><\/figure><div class=\"elementor-image-box-content\"><h3 class=\"elementor-image-box-title\">Address<\/h3><p class=\"elementor-image-box-description\">Calle San Agust\u00edn 1 A, bajo 30594 <br>Pozo Estrecho, Murcia<\/p><\/div><\/div>\t\t\t\t<\/div>\n\t\t\t\t<\/div>\n\t\t\t\t\t<\/div>\n\t\t\t\t<\/div>\n\t\t\t\t<\/div>","protected":false},"excerpt":{"rendered":"<p>Inicio Contacto Horario Lunes a viernes: 09:30 a 20:00 S\u00e1bado: 10:00 a 13:30 Tel\u00e9fono + 34 672 579 031 Email galivetcentroveterinario@gmail.com Ubicaci\u00f3n Calle San Agust\u00edn 1 A, bajo 30594 Pozo Estrecho, Murcia<\/p>","protected":false},"author":1,"featured_media":0,"parent":0,"menu_order":0,"comment_status":"closed","ping_status":"closed","template":"elementor_canvas","meta":{"footnotes":""},"class_list":["post-17","page","type-page","status-publish","hentry"],"yoast_head":"<!-- This site is optimized with the Yoast SEO plugin v27.5 - https:\/\/yoast.com\/product\/yoast-seo-wordpress\/ -->\n<title>Contacto - Centro Veterinario Galivet<\/title>\n<meta name=\"robots\" content=\"index, follow, max-snippet:-1, max-image-preview:large, max-video-preview:-1\" \/>\n<link rel=\"canonical\" href=\"https:\/\/galivet.es\/en\/contacto\/\" \/>\n<meta property=\"og:locale\" content=\"en_GB\" \/>\n<meta property=\"og:type\" content=\"article\" \/>\n<meta property=\"og:title\" content=\"Contacto - Centro Veterinario Galivet\" \/>\n<meta property=\"og:description\" content=\"Inicio Contacto Horario Lunes a viernes: 09:30 a 20:00 S\u00e1bado: 10:00 a 13:30 Tel\u00e9fono + 34 672 579 031 Email galivetcentroveterinario@gmail.com Ubicaci\u00f3n Calle San Agust\u00edn 1 A, bajo 30594 Pozo Estrecho, Murcia\" \/>\n<meta property=\"og:url\" content=\"https:\/\/galivet.es\/en\/contacto\/\" \/>\n<meta property=\"og:site_name\" content=\"Centro Veterinario Galivet\" \/>\n<meta property=\"article:modified_time\" content=\"2025-09-11T07:48:38+00:00\" \/>\n<meta property=\"og:image\" content=\"https:\/\/galivet.es\/wp-content\/uploads\/2025\/07\/Captura-desde-2025-07-02-12-43-33.png\" \/>\n\t<meta property=\"og:image:width\" content=\"176\" \/>\n\t<meta property=\"og:image:height\" content=\"179\" \/>\n\t<meta property=\"og:image:type\" content=\"image\/png\" \/>\n<meta name=\"twitter:card\" content=\"summary_large_image\" \/>\n<meta name=\"twitter:label1\" content=\"Estimated reading time\" \/>\n\t<meta name=\"twitter:data1\" content=\"1 minute\" \/>\n<script type=\"application\/ld+json\" class=\"yoast-schema-graph\">{\"@context\":\"https:\\\/\\\/schema.org\",\"@graph\":[{\"@type\":\"WebPage\",\"@id\":\"https:\\\/\\\/galivet.es\\\/en\\\/contacto\\\/\",\"url\":\"https:\\\/\\\/galivet.es\\\/en\\\/contacto\\\/\",\"name\":\"Contacto - Centro Veterinario Galivet\",\"isPartOf\":{\"@id\":\"https:\\\/\\\/galivet.es\\\/en\\\/#website\"},\"primaryImageOfPage\":{\"@id\":\"https:\\\/\\\/galivet.es\\\/en\\\/contacto\\\/#primaryimage\"},\"image\":{\"@id\":\"https:\\\/\\\/galivet.es\\\/en\\\/contacto\\\/#primaryimage\"},\"thumbnailUrl\":\"https:\\\/\\\/galivet.es\\\/wp-content\\\/uploads\\\/2025\\\/07\\\/Captura-desde-2025-07-02-12-43-33.png\",\"datePublished\":\"2025-07-01T15:55:16+00:00\",\"dateModified\":\"2025-09-11T07:48:38+00:00\",\"breadcrumb\":{\"@id\":\"https:\\\/\\\/galivet.es\\\/en\\\/contacto\\\/#breadcrumb\"},\"inLanguage\":\"en-GB\",\"potentialAction\":[{\"@type\":\"ReadAction\",\"target\":[\"https:\\\/\\\/galivet.es\\\/en\\\/contacto\\\/\"]}]},{\"@type\":\"ImageObject\",\"inLanguage\":\"en-GB\",\"@id\":\"https:\\\/\\\/galivet.es\\\/en\\\/contacto\\\/#primaryimage\",\"url\":\"https:\\\/\\\/galivet.es\\\/wp-content\\\/uploads\\\/2025\\\/07\\\/Captura-desde-2025-07-02-12-43-33.png\",\"contentUrl\":\"https:\\\/\\\/galivet.es\\\/wp-content\\\/uploads\\\/2025\\\/07\\\/Captura-desde-2025-07-02-12-43-33.png\"},{\"@type\":\"BreadcrumbList\",\"@id\":\"https:\\\/\\\/galivet.es\\\/en\\\/contacto\\\/#breadcrumb\",\"itemListElement\":[{\"@type\":\"ListItem\",\"position\":1,\"name\":\"Portada\",\"item\":\"https:\\\/\\\/galivet.es\\\/\"},{\"@type\":\"ListItem\",\"position\":2,\"name\":\"Contacto\"}]},{\"@type\":\"WebSite\",\"@id\":\"https:\\\/\\\/galivet.es\\\/en\\\/#website\",\"url\":\"https:\\\/\\\/galivet.es\\\/en\\\/\",\"name\":\"Centro Veterinario Galivet\",\"description\":\"\",\"publisher\":{\"@id\":\"https:\\\/\\\/galivet.es\\\/en\\\/#organization\"},\"potentialAction\":[{\"@type\":\"SearchAction\",\"target\":{\"@type\":\"EntryPoint\",\"urlTemplate\":\"https:\\\/\\\/galivet.es\\\/en\\\/?s={search_term_string}\"},\"query-input\":{\"@type\":\"PropertyValueSpecification\",\"valueRequired\":true,\"valueName\":\"search_term_string\"}}],\"inLanguage\":\"en-GB\"},{\"@type\":\"Organization\",\"@id\":\"https:\\\/\\\/galivet.es\\\/en\\\/#organization\",\"name\":\"Centro Veterinario Galivet\",\"url\":\"https:\\\/\\\/galivet.es\\\/en\\\/\",\"logo\":{\"@type\":\"ImageObject\",\"inLanguage\":\"en-GB\",\"@id\":\"https:\\\/\\\/galivet.es\\\/en\\\/#\\\/schema\\\/logo\\\/image\\\/\",\"url\":\"https:\\\/\\\/galivet.es\\\/wp-content\\\/uploads\\\/2025\\\/07\\\/cropped-logo-removebg-preview.png\",\"contentUrl\":\"https:\\\/\\\/galivet.es\\\/wp-content\\\/uploads\\\/2025\\\/07\\\/cropped-logo-removebg-preview.png\",\"width\":500,\"height\":398,\"caption\":\"Centro Veterinario Galivet\"},\"image\":{\"@id\":\"https:\\\/\\\/galivet.es\\\/en\\\/#\\\/schema\\\/logo\\\/image\\\/\"}}]}<\/script>\n<!-- \/ Yoast SEO plugin. -->","yoast_head_json":{"title":"Contacto - Centro Veterinario Galivet","robots":{"index":"index","follow":"follow","max-snippet":"max-snippet:-1","max-image-preview":"max-image-preview:large","max-video-preview":"max-video-preview:-1"},"canonical":"https:\/\/galivet.es\/en\/contacto\/","og_locale":"en_GB","og_type":"article","og_title":"Contacto - Centro Veterinario Galivet","og_description":"Inicio Contacto Horario Lunes a viernes: 09:30 a 20:00 S\u00e1bado: 10:00 a 13:30 Tel\u00e9fono + 34 672 579 031 Email galivetcentroveterinario@gmail.com Ubicaci\u00f3n Calle San Agust\u00edn 1 A, bajo 30594 Pozo Estrecho, Murcia","og_url":"https:\/\/galivet.es\/en\/contacto\/","og_site_name":"Centro Veterinario Galivet","article_modified_time":"2025-09-11T07:48:38+00:00","og_image":[{"width":176,"height":179,"url":"https:\/\/galivet.es\/wp-content\/uploads\/2025\/07\/Captura-desde-2025-07-02-12-43-33.png","type":"image\/png"}],"twitter_card":"summary_large_image","twitter_misc":{"Estimated reading time":"1 minute"},"schema":{"@context":"https:\/\/schema.org","@graph":[{"@type":"WebPage","@id":"https:\/\/galivet.es\/en\/contacto\/","url":"https:\/\/galivet.es\/en\/contacto\/","name":"Contacto - Centro Veterinario Galivet","isPartOf":{"@id":"https:\/\/galivet.es\/en\/#website"},"primaryImageOfPage":{"@id":"https:\/\/galivet.es\/en\/contacto\/#primaryimage"},"image":{"@id":"https:\/\/galivet.es\/en\/contacto\/#primaryimage"},"thumbnailUrl":"https:\/\/galivet.es\/wp-content\/uploads\/2025\/07\/Captura-desde-2025-07-02-12-43-33.png","datePublished":"2025-07-01T15:55:16+00:00","dateModified":"2025-09-11T07:48:38+00:00","breadcrumb":{"@id":"https:\/\/galivet.es\/en\/contacto\/#breadcrumb"},"inLanguage":"en-GB","potentialAction":[{"@type":"ReadAction","target":["https:\/\/galivet.es\/en\/contacto\/"]}]},{"@type":"ImageObject","inLanguage":"en-GB","@id":"https:\/\/galivet.es\/en\/contacto\/#primaryimage","url":"https:\/\/galivet.es\/wp-content\/uploads\/2025\/07\/Captura-desde-2025-07-02-12-43-33.png","contentUrl":"https:\/\/galivet.es\/wp-content\/uploads\/2025\/07\/Captura-desde-2025-07-02-12-43-33.png"},{"@type":"BreadcrumbList","@id":"https:\/\/galivet.es\/en\/contacto\/#breadcrumb","itemListElement":[{"@type":"ListItem","position":1,"name":"Portada","item":"https:\/\/galivet.es\/"},{"@type":"ListItem","position":2,"name":"Contacto"}]},{"@type":"WebSite","@id":"https:\/\/galivet.es\/en\/#website","url":"https:\/\/galivet.es\/en\/","name":"Centro Veterinario Galivet","description":"","publisher":{"@id":"https:\/\/galivet.es\/en\/#organization"},"potentialAction":[{"@type":"SearchAction","target":{"@type":"EntryPoint","urlTemplate":"https:\/\/galivet.es\/en\/?s={search_term_string}"},"query-input":{"@type":"PropertyValueSpecification","valueRequired":true,"valueName":"search_term_string"}}],"inLanguage":"en-GB"},{"@type":"Organization","@id":"https:\/\/galivet.es\/en\/#organization","name":"Centro Veterinario Galivet","url":"https:\/\/galivet.es\/en\/","logo":{"@type":"ImageObject","inLanguage":"en-GB","@id":"https:\/\/galivet.es\/en\/#\/schema\/logo\/image\/","url":"https:\/\/galivet.es\/wp-content\/uploads\/2025\/07\/cropped-logo-removebg-preview.png","contentUrl":"https:\/\/galivet.es\/wp-content\/uploads\/2025\/07\/cropped-logo-removebg-preview.png","width":500,"height":398,"caption":"Centro Veterinario Galivet"},"image":{"@id":"https:\/\/galivet.es\/en\/#\/schema\/logo\/image\/"}}]}},"_links":{"self":[{"href":"https:\/\/galivet.es\/en\/wp-json\/wp\/v2\/pages\/17","targetHints":{"allow":["GET"]}}],"collection":[{"href":"https:\/\/galivet.es\/en\/wp-json\/wp\/v2\/pages"}],"about":[{"href":"https:\/\/galivet.es\/en\/wp-json\/wp\/v2\/types\/page"}],"author":[{"embeddable":true,"href":"https:\/\/galivet.es\/en\/wp-json\/wp\/v2\/users\/1"}],"replies":[{"embeddable":true,"href":"https:\/\/galivet.es\/en\/wp-json\/wp\/v2\/comments?post=17"}],"version-history":[{"count":211,"href":"https:\/\/galivet.es\/en\/wp-json\/wp\/v2\/pages\/17\/revisions"}],"predecessor-version":[{"id":2683,"href":"https:\/\/galivet.es\/en\/wp-json\/wp\/v2\/pages\/17\/revisions\/2683"}],"wp:attachment":[{"href":"https:\/\/galivet.es\/en\/wp-json\/wp\/v2\/media?parent=17"}],"curies":[{"name":"wp","href":"https:\/\/api.w.org\/{rel}","templated":true}]}}