{"id":1789,"date":"2025-07-11T07:17:06","date_gmt":"2025-07-11T07:17:06","guid":{"rendered":"https:\/\/galivet.rkinformatika.online\/?page_id=1789"},"modified":"2025-08-04T12:46:08","modified_gmt":"2025-08-04T12:46:08","slug":"tienda-especializada","status":"publish","type":"page","link":"https:\/\/galivet.es\/en\/tienda-especializada\/","title":{"rendered":"Specialized Store"},"content":{"rendered":"<div data-elementor-type=\"wp-page\" data-elementor-id=\"1789\" class=\"elementor elementor-1789\" data-elementor-post-type=\"page\">\n\t\t\t\t<div class=\"elementor-element elementor-element-8c7fed0 e-flex e-con-boxed e-con e-parent\" data-id=\"8c7fed0\" data-element_type=\"container\" data-e-type=\"container\" data-settings=\"{&quot;background_background&quot;:&quot;classic&quot;,&quot;shape_divider_bottom&quot;:&quot;waves&quot;,&quot;shape_divider_bottom_negative&quot;:&quot;yes&quot;}\">\n\t\t\t\t\t<div class=\"e-con-inner\">\n\t\t\t\t<div class=\"elementor-shape elementor-shape-bottom\" aria-hidden=\"true\" data-negative=\"true\">\n\t\t\t<svg xmlns=\"http:\/\/www.w3.org\/2000\/svg\" viewbox=\"0 0 1000 100\" preserveaspectratio=\"none\">\n\t<path class=\"elementor-shape-fill\" d=\"M790.5,93.1c-59.3-5.3-116.8-18-192.6-50c-29.6-12.7-76.9-31-100.5-35.9c-23.6-4.9-52.6-7.8-75.5-5.3\tc-10.2,1.1-22.6,1.4-50.1,7.4c-27.2,6.3-58.2,16.6-79.4,24.7c-41.3,15.9-94.9,21.9-134,22.6C72,58.2,0,25.8,0,25.8V100h1000V65.3\tc0,0-51.5,19.4-106.2,25.7C839.5,97,814.1,95.2,790.5,93.1z\"\/>\n<\/svg>\t\t<\/div>\n\t\t\t\t<div class=\"elementor-element elementor-element-96a378c elementor-icon-list--layout-inline elementor-list-item-link-full_width elementor-widget elementor-widget-icon-list\" data-id=\"96a378c\" data-element_type=\"widget\" data-e-type=\"widget\" data-widget_type=\"icon-list.default\">\n\t\t\t\t\t\t\t<ul class=\"elementor-icon-list-items elementor-inline-items\">\n\t\t\t\t\t\t\t<li class=\"elementor-icon-list-item elementor-inline-item\">\n\t\t\t\t\t\t\t\t\t\t\t<a href=\"https:\/\/galivet.es\/en\">\n\n\t\t\t\t\t\t\t\t\t\t\t<span class=\"elementor-icon-list-text\">centro veterinario galivet<\/span>\n\t\t\t\t\t\t\t\t\t\t\t<\/a>\n\t\t\t\t\t\t\t\t\t<\/li>\n\t\t\t\t\t\t\t\t<li class=\"elementor-icon-list-item elementor-inline-item\">\n\t\t\t\t\t\t\t\t\t\t\t<span class=\"elementor-icon-list-icon\">\n\t\t\t\t\t\t\t<svg aria-hidden=\"true\" class=\"e-font-icon-svg e-fas-chevron-right\" viewbox=\"0 0 320 512\" xmlns=\"http:\/\/www.w3.org\/2000\/svg\"><path d=\"M285.476 272.971L91.132 467.314c-9.373 9.373-24.569 9.373-33.941 0l-22.667-22.667c-9.357-9.357-9.375-24.522-.04-33.901L188.505 256 34.484 101.255c-9.335-9.379-9.317-24.544.04-33.901l22.667-22.667c9.373-9.373 24.569-9.373 33.941 0L285.475 239.03c9.373 9.372 9.373 24.568.001 33.941z\"><\/path><\/svg>\t\t\t\t\t\t<\/span>\n\t\t\t\t\t\t\t\t\t\t<span class=\"elementor-icon-list-text\"><\/span>\n\t\t\t\t\t\t\t\t\t<\/li>\n\t\t\t\t\t\t<\/ul>\n\t\t\t\t\t\t<\/div>\n\t\t\t\t\t<\/div>\n\t\t\t\t<\/div>\n\t\t<div class=\"elementor-element elementor-element-df5effc e-flex e-con-boxed e-con e-parent\" data-id=\"df5effc\" data-element_type=\"container\" data-e-type=\"container\" data-settings=\"{&quot;background_background&quot;:&quot;classic&quot;}\">\n\t\t\t\t\t<div class=\"e-con-inner\">\n\t\t<div class=\"elementor-element elementor-element-06b5352 e-con-full e-flex e-con e-child\" data-id=\"06b5352\" data-element_type=\"container\" data-e-type=\"container\" data-settings=\"{&quot;background_background&quot;:&quot;gradient&quot;,&quot;shape_divider_top&quot;:&quot;waves&quot;,&quot;shape_divider_top_negative&quot;:&quot;yes&quot;}\">\n\t\t\t\t<div class=\"elementor-shape elementor-shape-top\" aria-hidden=\"true\" data-negative=\"true\">\n\t\t\t<svg xmlns=\"http:\/\/www.w3.org\/2000\/svg\" viewbox=\"0 0 1000 100\" preserveaspectratio=\"none\">\n\t<path class=\"elementor-shape-fill\" d=\"M790.5,93.1c-59.3-5.3-116.8-18-192.6-50c-29.6-12.7-76.9-31-100.5-35.9c-23.6-4.9-52.6-7.8-75.5-5.3\tc-10.2,1.1-22.6,1.4-50.1,7.4c-27.2,6.3-58.2,16.6-79.4,24.7c-41.3,15.9-94.9,21.9-134,22.6C72,58.2,0,25.8,0,25.8V100h1000V65.3\tc0,0-51.5,19.4-106.2,25.7C839.5,97,814.1,95.2,790.5,93.1z\"\/>\n<\/svg>\t\t<\/div>\n\t\t<div class=\"elementor-element elementor-element-f92d8e4 e-con-full e-flex e-con e-child\" data-id=\"f92d8e4\" data-element_type=\"container\" data-e-type=\"container\">\n\t\t\t\t<div class=\"elementor-element elementor-element-453d0f7 elementor-widget elementor-widget-heading\" data-id=\"453d0f7\" data-element_type=\"widget\" data-e-type=\"widget\" data-widget_type=\"heading.default\">\n\t\t\t\t\t<h2 class=\"elementor-heading-title elementor-size-default\">Specialized Store<\/h2>\t\t\t\t<\/div>\n\t\t\t\t<div class=\"elementor-element elementor-element-b93e160 elementor-widget elementor-widget-heading\" data-id=\"b93e160\" data-element_type=\"widget\" data-e-type=\"widget\" data-widget_type=\"heading.default\">\n\t\t\t\t\t<h2 class=\"elementor-heading-title elementor-size-default\">Everything your pet needs, all in one place<\/h2>\t\t\t\t<\/div>\n\t\t\t\t<div class=\"elementor-element elementor-element-4f5c736 elementor-widget elementor-widget-text-editor\" data-id=\"4f5c736\" data-element_type=\"widget\" data-e-type=\"widget\" data-widget_type=\"text-editor.default\">\n\t\t\t\t\t\t\t\t\t<p>En la Cl\u00ednica Veterinaria Galivet, en Pozo Estrecho, nos preocupamos no solo por la salud de tu mascota, sino tambi\u00e9n por su bienestar y felicidad diaria. Por eso, hemos creado una tienda especializada dentro de nuestras instalaciones, donde encontrar\u00e1s productos seleccionados con el m\u00e1ximo cuidado y calidad.<\/p>\t\t\t\t\t\t\t\t<\/div>\n\t\t\t\t<div class=\"elementor-element elementor-element-a8935eb elementor-widget elementor-widget-heading\" data-id=\"a8935eb\" data-element_type=\"widget\" data-e-type=\"widget\" data-widget_type=\"heading.default\">\n\t\t\t\t\t<h2 class=\"elementor-heading-title elementor-size-default\">What You\u2019ll Find at Galivet\u2019s Pet Shop<\/h2>\t\t\t\t<\/div>\n\t\t\t\t<div class=\"elementor-element elementor-element-bf52e4b elementor-widget elementor-widget-text-editor\" data-id=\"bf52e4b\" data-element_type=\"widget\" data-e-type=\"widget\" data-widget_type=\"text-editor.default\">\n\t\t\t\t\t\t\t\t\t<p data-start=\"469\" data-end=\"717\">Es un espacio dise\u00f1ado para cubrir todas las necesidades de tu compa\u00f1ero peludo, alado o escamoso. Ofrecemos una amplia gama de art\u00edculos pensados para mejorar su calidad de vida: desde nutrici\u00f3n especializada hasta accesorios y productos de salud.<\/p><p data-start=\"719\" data-end=\"775\"><strong data-start=\"719\" data-end=\"775\">Lo que puedes encontrar en nuestra tienda en Galivet<\/strong><\/p><ul data-start=\"777\" data-end=\"1502\"><li data-start=\"777\" data-end=\"977\"><p data-start=\"779\" data-end=\"977\"><strong data-start=\"779\" data-end=\"812\">Alimentos y dietas especiales<\/strong><br data-start=\"812\" data-end=\"815\" \/>Contamos con alimentos de alta gama y dietas veterinarias formuladas para distintas etapas de vida, condiciones m\u00e9dicas y necesidades nutricionales espec\u00edficas.<\/p><\/li><li data-start=\"979\" data-end=\"1137\"><p data-start=\"981\" data-end=\"1137\"><strong data-start=\"981\" data-end=\"1011\">Juguetes y entretenimiento<\/strong><br data-start=\"1011\" data-end=\"1014\" \/>Una selecci\u00f3n de juguetes seguros y divertidos que estimulan el juego, reducen el estr\u00e9s y promueven la actividad f\u00edsica.<\/p><\/li><li data-start=\"1139\" data-end=\"1314\"><p data-start=\"1141\" data-end=\"1314\"><strong data-start=\"1141\" data-end=\"1162\">Ropa y accesorios<\/strong><br data-start=\"1162\" data-end=\"1165\" \/>Collares, correas, arneses, abrigos y m\u00e1s. Todo lo que necesitas para pasear, entrenar o simplemente consentir a tu mascota con estilo y comodidad.<\/p><\/li><li data-start=\"1316\" data-end=\"1502\"><p data-start=\"1318\" data-end=\"1502\"><strong data-start=\"1318\" data-end=\"1350\">Productos de cuidado y salud<\/strong><br data-start=\"1350\" data-end=\"1353\" \/>Disponemos de suplementos, productos antiparasitarios, art\u00edculos de higiene y otros productos veterinarios para mantener a tu mascota sana y feliz.<\/p><\/li><\/ul>\t\t\t\t\t\t\t\t<\/div>\n\t\t\t\t<div class=\"elementor-element elementor-element-ed97e7f elementor-widget elementor-widget-heading\" data-id=\"ed97e7f\" data-element_type=\"widget\" data-e-type=\"widget\" data-widget_type=\"heading.default\">\n\t\t\t\t\t<h2 class=\"elementor-heading-title elementor-size-default\">Personalized Advice for You &amp; Your Pet<\/h2>\t\t\t\t<\/div>\n\t\t\t\t<div class=\"elementor-element elementor-element-e7133d6 elementor-widget elementor-widget-text-editor\" data-id=\"e7133d6\" data-element_type=\"widget\" data-e-type=\"widget\" data-widget_type=\"text-editor.default\">\n\t\t\t\t\t\t\t\t\t<p data-start=\"117\" data-end=\"373\">Nuestro equipo est\u00e1 preparado para ayudarte a elegir lo mejor seg\u00fan las necesidades espec\u00edficas de tu mascota. No solo vendemos productos: te orientamos con base en nuestro conocimiento veterinario para garantizar que cada compra contribuya a su bienestar.<\/p><p data-start=\"375\" data-end=\"535\">\u00bfEst\u00e1s buscando un alimento especial, un nuevo juguete o un accesorio \u00fatil?<br data-start=\"450\" data-end=\"453\" \/><strong data-start=\"453\" data-end=\"535\">Vis\u00edtanos en Galivet. Ten\u00e9s todo lo que tu mascota necesita, en un solo lugar.<\/strong><\/p>\t\t\t\t\t\t\t\t<\/div>\n\t\t\t\t<\/div>\n\t\t<div class=\"elementor-element elementor-element-1b45002 e-con-full elementor-hidden-tablet elementor-hidden-mobile e-flex e-con e-child\" data-id=\"1b45002\" data-element_type=\"container\" data-e-type=\"container\" data-settings=\"{&quot;background_background&quot;:&quot;classic&quot;}\">\n\t\t\t\t<\/div>\n\t\t\t\t<\/div>\n\t\t\t\t\t<\/div>\n\t\t\t\t<\/div>\n\t\t\t\t<\/div>","protected":false},"excerpt":{"rendered":"<p>centro veterinario galivet TIENDA ESPECIALIZADA Todo lo que tu mascota necesita, en un solo lugar En la Cl\u00ednica Veterinaria Galivet, en Pozo Estrecho, nos preocupamos no solo por la salud de tu mascota, sino tambi\u00e9n por su bienestar y felicidad diaria. Por eso, hemos creado una tienda especializada dentro de nuestras instalaciones, donde encontrar\u00e1s productos [&hellip;]<\/p>\n","protected":false},"author":1,"featured_media":0,"parent":0,"menu_order":0,"comment_status":"closed","ping_status":"closed","template":"elementor_canvas","meta":{"footnotes":""},"class_list":["post-1789","page","type-page","status-publish","hentry"],"yoast_head":"<!-- This site is optimized with the Yoast SEO plugin v27.5 - https:\/\/yoast.com\/product\/yoast-seo-wordpress\/ -->\n<title>Tienda Especializada - Centro Veterinario Galivet<\/title>\n<meta name=\"robots\" content=\"index, follow, max-snippet:-1, max-image-preview:large, max-video-preview:-1\" \/>\n<link rel=\"canonical\" href=\"https:\/\/galivet.es\/en\/tienda-especializada\/\" \/>\n<meta property=\"og:locale\" content=\"en_GB\" \/>\n<meta property=\"og:type\" content=\"article\" \/>\n<meta property=\"og:title\" content=\"Tienda Especializada - Centro Veterinario Galivet\" \/>\n<meta property=\"og:description\" content=\"centro veterinario galivet TIENDA ESPECIALIZADA Todo lo que tu mascota necesita, en un solo lugar En la Cl\u00ednica Veterinaria Galivet, en Pozo Estrecho, nos preocupamos no solo por la salud de tu mascota, sino tambi\u00e9n por su bienestar y felicidad diaria. Por eso, hemos creado una tienda especializada dentro de nuestras instalaciones, donde encontrar\u00e1s productos [&hellip;]\" \/>\n<meta property=\"og:url\" content=\"https:\/\/galivet.es\/en\/tienda-especializada\/\" \/>\n<meta property=\"og:site_name\" content=\"Centro Veterinario Galivet\" \/>\n<meta property=\"article:modified_time\" content=\"2025-08-04T12:46:08+00:00\" \/>\n<meta name=\"twitter:card\" content=\"summary_large_image\" \/>\n<meta name=\"twitter:label1\" content=\"Estimated reading time\" \/>\n\t<meta name=\"twitter:data1\" content=\"2 minutes\" \/>\n<script type=\"application\/ld+json\" class=\"yoast-schema-graph\">{\"@context\":\"https:\\\/\\\/schema.org\",\"@graph\":[{\"@type\":\"WebPage\",\"@id\":\"https:\\\/\\\/galivet.es\\\/en\\\/tienda-especializada\\\/\",\"url\":\"https:\\\/\\\/galivet.es\\\/en\\\/tienda-especializada\\\/\",\"name\":\"Tienda Especializada - Centro Veterinario Galivet\",\"isPartOf\":{\"@id\":\"https:\\\/\\\/galivet.es\\\/en\\\/#website\"},\"datePublished\":\"2025-07-11T07:17:06+00:00\",\"dateModified\":\"2025-08-04T12:46:08+00:00\",\"breadcrumb\":{\"@id\":\"https:\\\/\\\/galivet.es\\\/en\\\/tienda-especializada\\\/#breadcrumb\"},\"inLanguage\":\"en-GB\",\"potentialAction\":[{\"@type\":\"ReadAction\",\"target\":[\"https:\\\/\\\/galivet.es\\\/en\\\/tienda-especializada\\\/\"]}]},{\"@type\":\"BreadcrumbList\",\"@id\":\"https:\\\/\\\/galivet.es\\\/en\\\/tienda-especializada\\\/#breadcrumb\",\"itemListElement\":[{\"@type\":\"ListItem\",\"position\":1,\"name\":\"Portada\",\"item\":\"https:\\\/\\\/galivet.es\\\/\"},{\"@type\":\"ListItem\",\"position\":2,\"name\":\"Tienda Especializada\"}]},{\"@type\":\"WebSite\",\"@id\":\"https:\\\/\\\/galivet.es\\\/en\\\/#website\",\"url\":\"https:\\\/\\\/galivet.es\\\/en\\\/\",\"name\":\"Centro Veterinario Galivet\",\"description\":\"\",\"publisher\":{\"@id\":\"https:\\\/\\\/galivet.es\\\/en\\\/#organization\"},\"potentialAction\":[{\"@type\":\"SearchAction\",\"target\":{\"@type\":\"EntryPoint\",\"urlTemplate\":\"https:\\\/\\\/galivet.es\\\/en\\\/?s={search_term_string}\"},\"query-input\":{\"@type\":\"PropertyValueSpecification\",\"valueRequired\":true,\"valueName\":\"search_term_string\"}}],\"inLanguage\":\"en-GB\"},{\"@type\":\"Organization\",\"@id\":\"https:\\\/\\\/galivet.es\\\/en\\\/#organization\",\"name\":\"Centro Veterinario Galivet\",\"url\":\"https:\\\/\\\/galivet.es\\\/en\\\/\",\"logo\":{\"@type\":\"ImageObject\",\"inLanguage\":\"en-GB\",\"@id\":\"https:\\\/\\\/galivet.es\\\/en\\\/#\\\/schema\\\/logo\\\/image\\\/\",\"url\":\"https:\\\/\\\/galivet.es\\\/wp-content\\\/uploads\\\/2025\\\/07\\\/cropped-logo-removebg-preview.png\",\"contentUrl\":\"https:\\\/\\\/galivet.es\\\/wp-content\\\/uploads\\\/2025\\\/07\\\/cropped-logo-removebg-preview.png\",\"width\":500,\"height\":398,\"caption\":\"Centro Veterinario Galivet\"},\"image\":{\"@id\":\"https:\\\/\\\/galivet.es\\\/en\\\/#\\\/schema\\\/logo\\\/image\\\/\"}}]}<\/script>\n<!-- \/ Yoast SEO plugin. -->","yoast_head_json":{"title":"Tienda Especializada - Centro Veterinario Galivet","robots":{"index":"index","follow":"follow","max-snippet":"max-snippet:-1","max-image-preview":"max-image-preview:large","max-video-preview":"max-video-preview:-1"},"canonical":"https:\/\/galivet.es\/en\/tienda-especializada\/","og_locale":"en_GB","og_type":"article","og_title":"Tienda Especializada - Centro Veterinario Galivet","og_description":"centro veterinario galivet TIENDA ESPECIALIZADA Todo lo que tu mascota necesita, en un solo lugar En la Cl\u00ednica Veterinaria Galivet, en Pozo Estrecho, nos preocupamos no solo por la salud de tu mascota, sino tambi\u00e9n por su bienestar y felicidad diaria. Por eso, hemos creado una tienda especializada dentro de nuestras instalaciones, donde encontrar\u00e1s productos [&hellip;]","og_url":"https:\/\/galivet.es\/en\/tienda-especializada\/","og_site_name":"Centro Veterinario Galivet","article_modified_time":"2025-08-04T12:46:08+00:00","twitter_card":"summary_large_image","twitter_misc":{"Estimated reading time":"2 minutes"},"schema":{"@context":"https:\/\/schema.org","@graph":[{"@type":"WebPage","@id":"https:\/\/galivet.es\/en\/tienda-especializada\/","url":"https:\/\/galivet.es\/en\/tienda-especializada\/","name":"Tienda Especializada - Centro Veterinario Galivet","isPartOf":{"@id":"https:\/\/galivet.es\/en\/#website"},"datePublished":"2025-07-11T07:17:06+00:00","dateModified":"2025-08-04T12:46:08+00:00","breadcrumb":{"@id":"https:\/\/galivet.es\/en\/tienda-especializada\/#breadcrumb"},"inLanguage":"en-GB","potentialAction":[{"@type":"ReadAction","target":["https:\/\/galivet.es\/en\/tienda-especializada\/"]}]},{"@type":"BreadcrumbList","@id":"https:\/\/galivet.es\/en\/tienda-especializada\/#breadcrumb","itemListElement":[{"@type":"ListItem","position":1,"name":"Portada","item":"https:\/\/galivet.es\/"},{"@type":"ListItem","position":2,"name":"Tienda Especializada"}]},{"@type":"WebSite","@id":"https:\/\/galivet.es\/en\/#website","url":"https:\/\/galivet.es\/en\/","name":"Centro Veterinario Galivet","description":"","publisher":{"@id":"https:\/\/galivet.es\/en\/#organization"},"potentialAction":[{"@type":"SearchAction","target":{"@type":"EntryPoint","urlTemplate":"https:\/\/galivet.es\/en\/?s={search_term_string}"},"query-input":{"@type":"PropertyValueSpecification","valueRequired":true,"valueName":"search_term_string"}}],"inLanguage":"en-GB"},{"@type":"Organization","@id":"https:\/\/galivet.es\/en\/#organization","name":"Centro Veterinario Galivet","url":"https:\/\/galivet.es\/en\/","logo":{"@type":"ImageObject","inLanguage":"en-GB","@id":"https:\/\/galivet.es\/en\/#\/schema\/logo\/image\/","url":"https:\/\/galivet.es\/wp-content\/uploads\/2025\/07\/cropped-logo-removebg-preview.png","contentUrl":"https:\/\/galivet.es\/wp-content\/uploads\/2025\/07\/cropped-logo-removebg-preview.png","width":500,"height":398,"caption":"Centro Veterinario Galivet"},"image":{"@id":"https:\/\/galivet.es\/en\/#\/schema\/logo\/image\/"}}]}},"_links":{"self":[{"href":"https:\/\/galivet.es\/en\/wp-json\/wp\/v2\/pages\/1789","targetHints":{"allow":["GET"]}}],"collection":[{"href":"https:\/\/galivet.es\/en\/wp-json\/wp\/v2\/pages"}],"about":[{"href":"https:\/\/galivet.es\/en\/wp-json\/wp\/v2\/types\/page"}],"author":[{"embeddable":true,"href":"https:\/\/galivet.es\/en\/wp-json\/wp\/v2\/users\/1"}],"replies":[{"embeddable":true,"href":"https:\/\/galivet.es\/en\/wp-json\/wp\/v2\/comments?post=1789"}],"version-history":[{"count":25,"href":"https:\/\/galivet.es\/en\/wp-json\/wp\/v2\/pages\/1789\/revisions"}],"predecessor-version":[{"id":2554,"href":"https:\/\/galivet.es\/en\/wp-json\/wp\/v2\/pages\/1789\/revisions\/2554"}],"wp:attachment":[{"href":"https:\/\/galivet.es\/en\/wp-json\/wp\/v2\/media?parent=1789"}],"curies":[{"name":"wp","href":"https:\/\/api.w.org\/{rel}","templated":true}]}}