{"id":1794,"date":"2025-07-11T07:18:56","date_gmt":"2025-07-11T07:18:56","guid":{"rendered":"https:\/\/galivet.rkinformatika.online\/?page_id=1794"},"modified":"2025-08-21T12:23:00","modified_gmt":"2025-08-21T12:23:00","slug":"peliqueria-canina-y-felina","status":"publish","type":"page","link":"https:\/\/galivet.es\/en\/peliqueria-canina-y-felina\/","title":{"rendered":"Dog and Cat Grooming"},"content":{"rendered":"<div data-elementor-type=\"wp-page\" data-elementor-id=\"1794\" class=\"elementor elementor-1794\" data-elementor-post-type=\"page\">\n\t\t\t\t<div class=\"elementor-element elementor-element-8c7fed0 e-flex e-con-boxed e-con e-parent\" data-id=\"8c7fed0\" data-element_type=\"container\" data-e-type=\"container\" data-settings=\"{&quot;background_background&quot;:&quot;classic&quot;,&quot;shape_divider_bottom&quot;:&quot;waves&quot;,&quot;shape_divider_bottom_negative&quot;:&quot;yes&quot;}\">\n\t\t\t\t\t<div class=\"e-con-inner\">\n\t\t\t\t<div class=\"elementor-shape elementor-shape-bottom\" aria-hidden=\"true\" data-negative=\"true\">\n\t\t\t<svg xmlns=\"http:\/\/www.w3.org\/2000\/svg\" viewbox=\"0 0 1000 100\" preserveaspectratio=\"none\">\n\t<path class=\"elementor-shape-fill\" d=\"M790.5,93.1c-59.3-5.3-116.8-18-192.6-50c-29.6-12.7-76.9-31-100.5-35.9c-23.6-4.9-52.6-7.8-75.5-5.3\tc-10.2,1.1-22.6,1.4-50.1,7.4c-27.2,6.3-58.2,16.6-79.4,24.7c-41.3,15.9-94.9,21.9-134,22.6C72,58.2,0,25.8,0,25.8V100h1000V65.3\tc0,0-51.5,19.4-106.2,25.7C839.5,97,814.1,95.2,790.5,93.1z\"\/>\n<\/svg>\t\t<\/div>\n\t\t\t\t<div class=\"elementor-element elementor-element-96a378c elementor-icon-list--layout-inline elementor-list-item-link-full_width elementor-widget elementor-widget-icon-list\" data-id=\"96a378c\" data-element_type=\"widget\" data-e-type=\"widget\" data-widget_type=\"icon-list.default\">\n\t\t\t\t\t\t\t<ul class=\"elementor-icon-list-items elementor-inline-items\">\n\t\t\t\t\t\t\t<li class=\"elementor-icon-list-item elementor-inline-item\">\n\t\t\t\t\t\t\t\t\t\t\t<a href=\"https:\/\/galivet.es\/en\">\n\n\t\t\t\t\t\t\t\t\t\t\t<span class=\"elementor-icon-list-text\">Home<\/span>\n\t\t\t\t\t\t\t\t\t\t\t<\/a>\n\t\t\t\t\t\t\t\t\t<\/li>\n\t\t\t\t\t\t\t\t<li class=\"elementor-icon-list-item elementor-inline-item\">\n\t\t\t\t\t\t\t\t\t\t\t<span class=\"elementor-icon-list-icon\">\n\t\t\t\t\t\t\t<svg aria-hidden=\"true\" class=\"e-font-icon-svg e-fas-chevron-right\" viewbox=\"0 0 320 512\" xmlns=\"http:\/\/www.w3.org\/2000\/svg\"><path d=\"M285.476 272.971L91.132 467.314c-9.373 9.373-24.569 9.373-33.941 0l-22.667-22.667c-9.357-9.357-9.375-24.522-.04-33.901L188.505 256 34.484 101.255c-9.335-9.379-9.317-24.544.04-33.901l22.667-22.667c9.373-9.373 24.569-9.373 33.941 0L285.475 239.03c9.373 9.372 9.373 24.568.001 33.941z\"><\/path><\/svg>\t\t\t\t\t\t<\/span>\n\t\t\t\t\t\t\t\t\t\t<span class=\"elementor-icon-list-text\"><\/span>\n\t\t\t\t\t\t\t\t\t<\/li>\n\t\t\t\t\t\t<\/ul>\n\t\t\t\t\t\t<\/div>\n\t\t\t\t\t<\/div>\n\t\t\t\t<\/div>\n\t\t<div class=\"elementor-element elementor-element-5e81300 e-flex e-con-boxed e-con e-parent\" data-id=\"5e81300\" data-element_type=\"container\" data-e-type=\"container\" data-settings=\"{&quot;background_background&quot;:&quot;classic&quot;}\">\n\t\t\t\t\t<div class=\"e-con-inner\">\n\t\t<div class=\"elementor-element elementor-element-ea7375c e-con-full e-flex e-con e-child\" data-id=\"ea7375c\" data-element_type=\"container\" data-e-type=\"container\">\n\t\t\t\t<div class=\"elementor-element elementor-element-c3c866e animated-slow elementor-invisible elementor-widget elementor-widget-heading\" data-id=\"c3c866e\" data-element_type=\"widget\" data-e-type=\"widget\" data-settings=\"{&quot;_animation&quot;:&quot;zoomIn&quot;}\" data-widget_type=\"heading.default\">\n\t\t\t\t\t<h2 class=\"elementor-heading-title elementor-size-default\">The perfect style<\/h2>\t\t\t\t<\/div>\n\t\t\t\t<div class=\"elementor-element elementor-element-f7d295b elementor-widget__width-initial animated-slow elementor-widget-divider--view-line elementor-invisible elementor-widget elementor-widget-divider\" data-id=\"f7d295b\" data-element_type=\"widget\" data-e-type=\"widget\" data-settings=\"{&quot;_animation&quot;:&quot;fadeInRight&quot;}\" data-widget_type=\"divider.default\">\n\t\t\t\t\t\t\t<div class=\"elementor-divider\">\n\t\t\t<span class=\"elementor-divider-separator\">\n\t\t\t\t\t\t<\/span>\n\t\t<\/div>\n\t\t\t\t\t\t<\/div>\n\t\t\t\t<div class=\"elementor-element elementor-element-109a884 animated-slow elementor-invisible elementor-widget elementor-widget-heading\" data-id=\"109a884\" data-element_type=\"widget\" data-e-type=\"widget\" data-settings=\"{&quot;_animation&quot;:&quot;zoomIn&quot;}\" data-widget_type=\"heading.default\">\n\t\t\t\t\t<h2 class=\"elementor-heading-title elementor-size-default\">Let your pet shine<\/h2>\t\t\t\t<\/div>\n\t\t\t\t<\/div>\n\t\t<div class=\"elementor-element elementor-element-5c43997 e-con-full e-flex e-con e-child\" data-id=\"5c43997\" data-element_type=\"container\" data-e-type=\"container\">\n\t\t\t\t<div class=\"elementor-element elementor-element-ee02034 elementor-widget elementor-widget-heading\" data-id=\"ee02034\" data-element_type=\"widget\" data-e-type=\"widget\" data-widget_type=\"heading.default\">\n\t\t\t\t\t<h2 class=\"elementor-heading-title elementor-size-default\">Dog and Cat Grooming<\/h2>\t\t\t\t<\/div>\n\t\t\t\t<div class=\"elementor-element elementor-element-9b174a5 elementor-widget__width-inherit elementor-widget elementor-widget-heading\" data-id=\"9b174a5\" data-element_type=\"widget\" data-e-type=\"widget\" data-widget_type=\"heading.default\">\n\t\t\t\t\t<h2 class=\"elementor-heading-title elementor-size-default\">Take care of your pet\u2019s image and well-being<\/h2>\t\t\t\t<\/div>\n\t\t\t\t<div class=\"elementor-element elementor-element-dcc1495 elementor-widget elementor-widget-text-editor\" data-id=\"dcc1495\" data-element_type=\"widget\" data-e-type=\"widget\" data-widget_type=\"text-editor.default\">\n\t\t\t\t\t\t\t\t\t<p data-start=\"76\" data-end=\"410\">En la cl\u00ednica veterinaria galivet, en pozo estrecho, entendemos que la apariencia de tu mascota es parte fundamental de su bienestar general. por eso, ofrecemos un completo servicio de peluquer\u00eda canina y felina pensado para que tu compa\u00f1ero luzca impecable y se sienta c\u00f3modo.<\/p>\t\t\t\t\t\t\t\t<\/div>\n\t\t\t\t<div class=\"elementor-element elementor-element-d1840d2 elementor-widget__width-inherit elementor-widget elementor-widget-heading\" data-id=\"d1840d2\" data-element_type=\"widget\" data-e-type=\"widget\" data-widget_type=\"heading.default\">\n\t\t\t\t\t<h2 class=\"elementor-heading-title elementor-size-default\">What Is Dog &amp; Cat Grooming?<\/h2>\t\t\t\t<\/div>\n\t\t\t\t<div class=\"elementor-element elementor-element-1e452e2 elementor-widget elementor-widget-text-editor\" data-id=\"1e452e2\" data-element_type=\"widget\" data-e-type=\"widget\" data-widget_type=\"text-editor.default\">\n\t\t\t\t\t\t\t\t\t<p>Se trata del cuidado est\u00e9tico integral de perros y gatos, que incluye cortes de pelo adaptados a cada raza y estilo, ba\u00f1os, cepillados, corte de u\u00f1as y limpiezas de o\u00eddos. Cada tratamiento est\u00e1 dise\u00f1ado para mantener a tu mascota limpia, saludable y feliz.<\/p>\t\t\t\t\t\t\t\t<\/div>\n\t\t\t\t<div class=\"elementor-element elementor-element-76bb9b7 elementor-widget__width-inherit elementor-widget elementor-widget-heading\" data-id=\"76bb9b7\" data-element_type=\"widget\" data-e-type=\"widget\" data-widget_type=\"heading.default\">\n\t\t\t\t\t<h2 class=\"elementor-heading-title elementor-size-default\">Our grooming services at Galivet include:<\/h2>\t\t\t\t<\/div>\n\t\t<div class=\"elementor-element elementor-element-2fe84c8 e-con-full e-flex e-con e-child\" data-id=\"2fe84c8\" data-element_type=\"container\" data-e-type=\"container\">\n\t\t<div class=\"elementor-element elementor-element-f687b75 e-con-full e-flex e-con e-child\" data-id=\"f687b75\" data-element_type=\"container\" data-e-type=\"container\">\n\t\t\t\t<div class=\"elementor-element elementor-element-a02a36f elementor-widget__width-initial elementor-widget elementor-widget-text-editor\" data-id=\"a02a36f\" data-element_type=\"widget\" data-e-type=\"widget\" data-widget_type=\"text-editor.default\">\n\t\t\t\t\t\t\t\t\t<ul><li data-start=\"790\" data-end=\"907\"><p data-start=\"792\" data-end=\"907\">Cortes de pelo personalizados: adaptados a las necesidades<br data-start=\"850\" data-end=\"853\" \/>espec\u00edficas de cada raza, tama\u00f1o y tipo de pelaje.<\/p><\/li><li data-start=\"908\" data-end=\"1011\"><p data-start=\"910\" data-end=\"1011\">Ba\u00f1o y cepillado profesional: para mantener un pelaje brillante,<br data-start=\"974\" data-end=\"977\" \/>libre de suciedad y enredones.<\/p><\/li><li data-start=\"1012\" data-end=\"1086\"><p data-start=\"1014\" data-end=\"1086\">Corte de u\u00f1as seguro: previene molestias y problemas de<br data-start=\"1069\" data-end=\"1072\" \/>movilidad.<\/p><\/li><li data-start=\"1087\" data-end=\"1159\"><p data-start=\"1089\" data-end=\"1159\">Limpieza de o\u00eddos: ayuda a evitar infecciones y molestias auditivas.<\/p><\/li><li data-start=\"1160\" data-end=\"1286\"><p data-start=\"1162\" data-end=\"1286\">Vaciado de gl\u00e1ndulas anales: en animales que lo necesiten para<br data-start=\"1224\" data-end=\"1227\" \/>prevenir obstrucciones e infecciones de dichas gl\u00e1ndulas.<\/p><\/li><\/ul>\t\t\t\t\t\t\t\t<\/div>\n\t\t\t\t<div class=\"elementor-element elementor-element-fbf5755 elementor-widget elementor-widget-heading\" data-id=\"fbf5755\" data-element_type=\"widget\" data-e-type=\"widget\" data-widget_type=\"heading.default\">\n\t\t\t\t\t<h2 class=\"elementor-heading-title elementor-size-default\">Our Commitment to Your Pet\u2019s Care and Comfort<\/h2>\t\t\t\t<\/div>\n\t\t\t\t<div class=\"elementor-element elementor-element-0ccb60a elementor-widget elementor-widget-text-editor\" data-id=\"0ccb60a\" data-element_type=\"widget\" data-e-type=\"widget\" data-widget_type=\"text-editor.default\">\n\t\t\t\t\t\t\t\t\t<p data-start=\"1288\" data-end=\"1539\">En galivet, nuestro equipo especializado se asegura de que tu mascota reciba un trato amable y profesional durante todo el proceso, garantizando una experiencia tranquila y agradable.<\/p><p data-start=\"1541\" data-end=\"1746\">Si deseas m\u00e1s informaci\u00f3n o quieres agendar una cita para la peluquer\u00eda de tu perro o gato en pozo estrecho, no dudes en contactarnos. Estamos aqu\u00ed para que tu mascota luzca y se sienta siempre genial.<\/p>\t\t\t\t\t\t\t\t<\/div>\n\t\t\t\t<\/div>\n\t\t<div class=\"elementor-element elementor-element-7511890 e-con-full e-flex e-con e-child\" data-id=\"7511890\" data-element_type=\"container\" data-e-type=\"container\">\n\t\t\t\t<\/div>\n\t\t\t\t<\/div>\n\t\t\t\t<\/div>\n\t\t\t\t\t<\/div>\n\t\t\t\t<\/div>\n\t\t\t\t<\/div>","protected":false},"excerpt":{"rendered":"<p>Inicio El estilo ideal Haz que tu mascota destaque PELUQUER\u00cdA CANINA Y FELINA Cuida la imagen y el bienestar de tu mascota En la cl\u00ednica veterinaria galivet, en pozo estrecho, entendemos que la apariencia de tu mascota es parte fundamental de su bienestar general. por eso, ofrecemos un completo servicio de peluquer\u00eda canina y felina [&hellip;]<\/p>\n","protected":false},"author":1,"featured_media":0,"parent":0,"menu_order":0,"comment_status":"closed","ping_status":"closed","template":"elementor_canvas","meta":{"footnotes":""},"class_list":["post-1794","page","type-page","status-publish","hentry"],"yoast_head":"<!-- This site is optimized with the Yoast SEO plugin v27.5 - https:\/\/yoast.com\/product\/yoast-seo-wordpress\/ -->\n<title>Peluquer\u00eda Canina y Felina - Centro Veterinario Galivet<\/title>\n<meta name=\"robots\" content=\"index, follow, max-snippet:-1, max-image-preview:large, max-video-preview:-1\" \/>\n<link rel=\"canonical\" href=\"https:\/\/galivet.es\/en\/peliqueria-canina-y-felina\/\" \/>\n<meta property=\"og:locale\" content=\"en_GB\" \/>\n<meta property=\"og:type\" content=\"article\" \/>\n<meta property=\"og:title\" content=\"Peluquer\u00eda Canina y Felina - Centro Veterinario Galivet\" \/>\n<meta property=\"og:description\" content=\"Inicio El estilo ideal Haz que tu mascota destaque PELUQUER\u00cdA CANINA Y FELINA Cuida la imagen y el bienestar de tu mascota En la cl\u00ednica veterinaria galivet, en pozo estrecho, entendemos que la apariencia de tu mascota es parte fundamental de su bienestar general. por eso, ofrecemos un completo servicio de peluquer\u00eda canina y felina [&hellip;]\" \/>\n<meta property=\"og:url\" content=\"https:\/\/galivet.es\/en\/peliqueria-canina-y-felina\/\" \/>\n<meta property=\"og:site_name\" content=\"Centro Veterinario Galivet\" \/>\n<meta property=\"article:modified_time\" content=\"2025-08-21T12:23:00+00:00\" \/>\n<meta property=\"og:image\" content=\"https:\/\/galivet.es\/wp-content\/uploads\/2025\/07\/Captura-desde-2025-07-03-12-35-26.png\" \/>\n<meta name=\"twitter:card\" content=\"summary_large_image\" \/>\n<meta name=\"twitter:label1\" content=\"Estimated reading time\" \/>\n\t<meta name=\"twitter:data1\" content=\"1 minute\" \/>\n<script type=\"application\/ld+json\" class=\"yoast-schema-graph\">{\"@context\":\"https:\\\/\\\/schema.org\",\"@graph\":[{\"@type\":\"WebPage\",\"@id\":\"https:\\\/\\\/galivet.es\\\/en\\\/peliqueria-canina-y-felina\\\/\",\"url\":\"https:\\\/\\\/galivet.es\\\/en\\\/peliqueria-canina-y-felina\\\/\",\"name\":\"Peluquer\u00eda Canina y Felina - Centro Veterinario Galivet\",\"isPartOf\":{\"@id\":\"https:\\\/\\\/galivet.es\\\/en\\\/#website\"},\"primaryImageOfPage\":{\"@id\":\"https:\\\/\\\/galivet.es\\\/en\\\/peliqueria-canina-y-felina\\\/#primaryimage\"},\"image\":{\"@id\":\"https:\\\/\\\/galivet.es\\\/en\\\/peliqueria-canina-y-felina\\\/#primaryimage\"},\"thumbnailUrl\":\"https:\\\/\\\/galivet.es\\\/wp-content\\\/uploads\\\/2025\\\/07\\\/Captura-desde-2025-07-03-12-35-26.png\",\"datePublished\":\"2025-07-11T07:18:56+00:00\",\"dateModified\":\"2025-08-21T12:23:00+00:00\",\"breadcrumb\":{\"@id\":\"https:\\\/\\\/galivet.es\\\/en\\\/peliqueria-canina-y-felina\\\/#breadcrumb\"},\"inLanguage\":\"en-GB\",\"potentialAction\":[{\"@type\":\"ReadAction\",\"target\":[\"https:\\\/\\\/galivet.es\\\/en\\\/peliqueria-canina-y-felina\\\/\"]}]},{\"@type\":\"ImageObject\",\"inLanguage\":\"en-GB\",\"@id\":\"https:\\\/\\\/galivet.es\\\/en\\\/peliqueria-canina-y-felina\\\/#primaryimage\",\"url\":\"https:\\\/\\\/galivet.es\\\/wp-content\\\/uploads\\\/2025\\\/07\\\/Captura-desde-2025-07-03-12-35-26.png\",\"contentUrl\":\"https:\\\/\\\/galivet.es\\\/wp-content\\\/uploads\\\/2025\\\/07\\\/Captura-desde-2025-07-03-12-35-26.png\"},{\"@type\":\"BreadcrumbList\",\"@id\":\"https:\\\/\\\/galivet.es\\\/en\\\/peliqueria-canina-y-felina\\\/#breadcrumb\",\"itemListElement\":[{\"@type\":\"ListItem\",\"position\":1,\"name\":\"Portada\",\"item\":\"https:\\\/\\\/galivet.es\\\/\"},{\"@type\":\"ListItem\",\"position\":2,\"name\":\"Peluquer\u00eda Canina y Felina\"}]},{\"@type\":\"WebSite\",\"@id\":\"https:\\\/\\\/galivet.es\\\/en\\\/#website\",\"url\":\"https:\\\/\\\/galivet.es\\\/en\\\/\",\"name\":\"Centro Veterinario Galivet\",\"description\":\"\",\"publisher\":{\"@id\":\"https:\\\/\\\/galivet.es\\\/en\\\/#organization\"},\"potentialAction\":[{\"@type\":\"SearchAction\",\"target\":{\"@type\":\"EntryPoint\",\"urlTemplate\":\"https:\\\/\\\/galivet.es\\\/en\\\/?s={search_term_string}\"},\"query-input\":{\"@type\":\"PropertyValueSpecification\",\"valueRequired\":true,\"valueName\":\"search_term_string\"}}],\"inLanguage\":\"en-GB\"},{\"@type\":\"Organization\",\"@id\":\"https:\\\/\\\/galivet.es\\\/en\\\/#organization\",\"name\":\"Centro Veterinario Galivet\",\"url\":\"https:\\\/\\\/galivet.es\\\/en\\\/\",\"logo\":{\"@type\":\"ImageObject\",\"inLanguage\":\"en-GB\",\"@id\":\"https:\\\/\\\/galivet.es\\\/en\\\/#\\\/schema\\\/logo\\\/image\\\/\",\"url\":\"https:\\\/\\\/galivet.es\\\/wp-content\\\/uploads\\\/2025\\\/07\\\/cropped-logo-removebg-preview.png\",\"contentUrl\":\"https:\\\/\\\/galivet.es\\\/wp-content\\\/uploads\\\/2025\\\/07\\\/cropped-logo-removebg-preview.png\",\"width\":500,\"height\":398,\"caption\":\"Centro Veterinario Galivet\"},\"image\":{\"@id\":\"https:\\\/\\\/galivet.es\\\/en\\\/#\\\/schema\\\/logo\\\/image\\\/\"}}]}<\/script>\n<!-- \/ Yoast SEO plugin. -->","yoast_head_json":{"title":"Peluquer\u00eda Canina y Felina - Centro Veterinario Galivet","robots":{"index":"index","follow":"follow","max-snippet":"max-snippet:-1","max-image-preview":"max-image-preview:large","max-video-preview":"max-video-preview:-1"},"canonical":"https:\/\/galivet.es\/en\/peliqueria-canina-y-felina\/","og_locale":"en_GB","og_type":"article","og_title":"Peluquer\u00eda Canina y Felina - Centro Veterinario Galivet","og_description":"Inicio El estilo ideal Haz que tu mascota destaque PELUQUER\u00cdA CANINA Y FELINA Cuida la imagen y el bienestar de tu mascota En la cl\u00ednica veterinaria galivet, en pozo estrecho, entendemos que la apariencia de tu mascota es parte fundamental de su bienestar general. por eso, ofrecemos un completo servicio de peluquer\u00eda canina y felina [&hellip;]","og_url":"https:\/\/galivet.es\/en\/peliqueria-canina-y-felina\/","og_site_name":"Centro Veterinario Galivet","article_modified_time":"2025-08-21T12:23:00+00:00","og_image":[{"url":"https:\/\/galivet.es\/wp-content\/uploads\/2025\/07\/Captura-desde-2025-07-03-12-35-26.png","type":"","width":"","height":""}],"twitter_card":"summary_large_image","twitter_misc":{"Estimated reading time":"1 minute"},"schema":{"@context":"https:\/\/schema.org","@graph":[{"@type":"WebPage","@id":"https:\/\/galivet.es\/en\/peliqueria-canina-y-felina\/","url":"https:\/\/galivet.es\/en\/peliqueria-canina-y-felina\/","name":"Peluquer\u00eda Canina y Felina - Centro Veterinario Galivet","isPartOf":{"@id":"https:\/\/galivet.es\/en\/#website"},"primaryImageOfPage":{"@id":"https:\/\/galivet.es\/en\/peliqueria-canina-y-felina\/#primaryimage"},"image":{"@id":"https:\/\/galivet.es\/en\/peliqueria-canina-y-felina\/#primaryimage"},"thumbnailUrl":"https:\/\/galivet.es\/wp-content\/uploads\/2025\/07\/Captura-desde-2025-07-03-12-35-26.png","datePublished":"2025-07-11T07:18:56+00:00","dateModified":"2025-08-21T12:23:00+00:00","breadcrumb":{"@id":"https:\/\/galivet.es\/en\/peliqueria-canina-y-felina\/#breadcrumb"},"inLanguage":"en-GB","potentialAction":[{"@type":"ReadAction","target":["https:\/\/galivet.es\/en\/peliqueria-canina-y-felina\/"]}]},{"@type":"ImageObject","inLanguage":"en-GB","@id":"https:\/\/galivet.es\/en\/peliqueria-canina-y-felina\/#primaryimage","url":"https:\/\/galivet.es\/wp-content\/uploads\/2025\/07\/Captura-desde-2025-07-03-12-35-26.png","contentUrl":"https:\/\/galivet.es\/wp-content\/uploads\/2025\/07\/Captura-desde-2025-07-03-12-35-26.png"},{"@type":"BreadcrumbList","@id":"https:\/\/galivet.es\/en\/peliqueria-canina-y-felina\/#breadcrumb","itemListElement":[{"@type":"ListItem","position":1,"name":"Portada","item":"https:\/\/galivet.es\/"},{"@type":"ListItem","position":2,"name":"Peluquer\u00eda Canina y Felina"}]},{"@type":"WebSite","@id":"https:\/\/galivet.es\/en\/#website","url":"https:\/\/galivet.es\/en\/","name":"Centro Veterinario Galivet","description":"","publisher":{"@id":"https:\/\/galivet.es\/en\/#organization"},"potentialAction":[{"@type":"SearchAction","target":{"@type":"EntryPoint","urlTemplate":"https:\/\/galivet.es\/en\/?s={search_term_string}"},"query-input":{"@type":"PropertyValueSpecification","valueRequired":true,"valueName":"search_term_string"}}],"inLanguage":"en-GB"},{"@type":"Organization","@id":"https:\/\/galivet.es\/en\/#organization","name":"Centro Veterinario Galivet","url":"https:\/\/galivet.es\/en\/","logo":{"@type":"ImageObject","inLanguage":"en-GB","@id":"https:\/\/galivet.es\/en\/#\/schema\/logo\/image\/","url":"https:\/\/galivet.es\/wp-content\/uploads\/2025\/07\/cropped-logo-removebg-preview.png","contentUrl":"https:\/\/galivet.es\/wp-content\/uploads\/2025\/07\/cropped-logo-removebg-preview.png","width":500,"height":398,"caption":"Centro Veterinario Galivet"},"image":{"@id":"https:\/\/galivet.es\/en\/#\/schema\/logo\/image\/"}}]}},"_links":{"self":[{"href":"https:\/\/galivet.es\/en\/wp-json\/wp\/v2\/pages\/1794","targetHints":{"allow":["GET"]}}],"collection":[{"href":"https:\/\/galivet.es\/en\/wp-json\/wp\/v2\/pages"}],"about":[{"href":"https:\/\/galivet.es\/en\/wp-json\/wp\/v2\/types\/page"}],"author":[{"embeddable":true,"href":"https:\/\/galivet.es\/en\/wp-json\/wp\/v2\/users\/1"}],"replies":[{"embeddable":true,"href":"https:\/\/galivet.es\/en\/wp-json\/wp\/v2\/comments?post=1794"}],"version-history":[{"count":29,"href":"https:\/\/galivet.es\/en\/wp-json\/wp\/v2\/pages\/1794\/revisions"}],"predecessor-version":[{"id":2621,"href":"https:\/\/galivet.es\/en\/wp-json\/wp\/v2\/pages\/1794\/revisions\/2621"}],"wp:attachment":[{"href":"https:\/\/galivet.es\/en\/wp-json\/wp\/v2\/media?parent=1794"}],"curies":[{"name":"wp","href":"https:\/\/api.w.org\/{rel}","templated":true}]}}